{"id":33,"date":"2025-12-08T19:20:02","date_gmt":"2025-12-08T19:20:02","guid":{"rendered":"https:\/\/homol.svarmodigital.net.br\/miradacoletiva\/?page_id=33"},"modified":"2025-12-08T21:35:07","modified_gmt":"2025-12-08T21:35:07","slug":"home","status":"publish","type":"page","link":"https:\/\/homol.svarmodigital.net.br\/miradacoletiva\/","title":{"rendered":"Home"},"content":{"rendered":"\t\t<div data-elementor-type=\"wp-page\" data-elementor-id=\"33\" class=\"elementor elementor-33\" data-elementor-settings=\"{&quot;ha_cmc_init_switcher&quot;:&quot;no&quot;}\" data-elementor-post-type=\"page\">\n\t\t\t\t\t\t<section class=\"elementor-section elementor-top-section elementor-element elementor-element-1a984de elementor-section-boxed elementor-section-height-default elementor-section-height-default\" data-id=\"1a984de\" data-element_type=\"section\" data-settings=\"{&quot;background_background&quot;:&quot;classic&quot;,&quot;_ha_eqh_enable&quot;:false}\">\n\t\t\t\t\t\t<div class=\"elementor-container elementor-column-gap-default\">\n\t\t\t\t\t<div class=\"elementor-column elementor-col-100 elementor-top-column elementor-element elementor-element-404663f\" data-id=\"404663f\" data-element_type=\"column\">\n\t\t\t<div class=\"elementor-widget-wrap elementor-element-populated\">\n\t\t\t\t\t\t<section class=\"elementor-section elementor-inner-section elementor-element elementor-element-b2b40b4 elementor-section-full_width elementor-section-height-default elementor-section-height-default\" data-id=\"b2b40b4\" data-element_type=\"section\" data-settings=\"{&quot;_ha_eqh_enable&quot;:false}\">\n\t\t\t\t\t\t<div class=\"elementor-container elementor-column-gap-default\">\n\t\t\t\t\t<div class=\"elementor-column elementor-col-50 elementor-inner-column elementor-element elementor-element-e1e7069\" data-id=\"e1e7069\" data-element_type=\"column\">\n\t\t\t<div class=\"elementor-widget-wrap elementor-element-populated\">\n\t\t\t\t\t\t<div class=\"elementor-element elementor-element-3bd229c elementor-widget elementor-widget-heading\" data-id=\"3bd229c\" data-element_type=\"widget\" data-widget_type=\"heading.default\">\n\t\t\t\t\t<h2 class=\"elementor-heading-title elementor-size-default\">BEM VINDES!<\/h2>\t\t\t\t<\/div>\n\t\t\t\t<div class=\"elementor-element elementor-element-6cdad03 elementor-widget elementor-widget-text-editor\" data-id=\"6cdad03\" data-element_type=\"widget\" data-widget_type=\"text-editor.default\">\n\t\t\t\t\t\t\t\t\t<p id=\"yui_3_17_2_1_1765221133177_574\" class=\"\">Esse \u00e9 um site para o registro e a difus\u00e3o da hist\u00f3ria do Movimento LGBTI+ brasileiro!<\/p><p id=\"yui_3_17_2_1_1765221133177_528\" class=\"\">Acreditamos que quando conhecemos um pouco mais nossa hist\u00f3ria, somos capazes de lutar com alegria, organiza\u00e7\u00e3o e brilho para uma sociedade mais justa. Por isso, aqui voc\u00ea encontrar\u00e1 informa\u00e7\u00f5es, imagens e v\u00eddeos sobre agentes e organiza\u00e7\u00f5es que fizeram e fazem parte do movimento LGBTI+ no Brasil.<\/p><p class=\"\">Por isso, te convidamos para navegar com curiosidade e colaborar com nosso trabalho!<\/p><p class=\"\">Ax\u00e9!<\/p>\t\t\t\t\t\t\t\t<\/div>\n\t\t\t\t\t<\/div>\n\t\t<\/div>\n\t\t\t\t<div class=\"elementor-column elementor-col-50 elementor-inner-column elementor-element elementor-element-6ab97e6\" data-id=\"6ab97e6\" data-element_type=\"column\">\n\t\t\t<div class=\"elementor-widget-wrap elementor-element-populated\">\n\t\t\t\t\t\t<div class=\"elementor-element elementor-element-4e54017 elementor-widget elementor-widget-image\" data-id=\"4e54017\" data-element_type=\"widget\" data-widget_type=\"image.default\">\n\t\t\t\t\t\t\t\t\t\t\t\t\t\t\t<img fetchpriority=\"high\" decoding=\"async\" width=\"482\" height=\"288\" src=\"https:\/\/homol.svarmodigital.net.br\/miradacoletiva\/wp-content\/uploads\/2025\/12\/mosntrinho-piscandooo-1.gif\" class=\"attachment-large size-large wp-image-54\" alt=\"\" \/>\t\t\t\t\t\t\t\t\t\t\t\t\t\t\t<\/div>\n\t\t\t\t\t<\/div>\n\t\t<\/div>\n\t\t\t\t\t<\/div>\n\t\t<\/section>\n\t\t\t\t<section class=\"elementor-section elementor-inner-section elementor-element elementor-element-4c1f37d elementor-section-full_width elementor-section-height-default elementor-section-height-default\" data-id=\"4c1f37d\" data-element_type=\"section\" data-settings=\"{&quot;_ha_eqh_enable&quot;:false}\">\n\t\t\t\t\t\t<div class=\"elementor-container elementor-column-gap-default\">\n\t\t\t\t\t<div class=\"elementor-column elementor-col-50 elementor-inner-column elementor-element elementor-element-b7e1913\" data-id=\"b7e1913\" data-element_type=\"column\">\n\t\t\t<div class=\"elementor-widget-wrap elementor-element-populated\">\n\t\t\t\t\t\t<div class=\"elementor-element elementor-element-8b6f1b1 elementor-widget elementor-widget-button\" data-id=\"8b6f1b1\" data-element_type=\"widget\" data-widget_type=\"button.default\">\n\t\t\t\t\t\t\t\t\t\t<a class=\"elementor-button elementor-button-link elementor-size-sm\" href=\"#\">\n\t\t\t\t\t\t<span class=\"elementor-button-content-wrapper\">\n\t\t\t\t\t\t\t\t\t<span class=\"elementor-button-text\">QUEM SOMOS<\/span>\n\t\t\t\t\t<\/span>\n\t\t\t\t\t<\/a>\n\t\t\t\t\t\t\t\t<\/div>\n\t\t\t\t\t<\/div>\n\t\t<\/div>\n\t\t\t\t<div class=\"elementor-column elementor-col-50 elementor-inner-column elementor-element elementor-element-5d1045e\" data-id=\"5d1045e\" data-element_type=\"column\">\n\t\t\t<div class=\"elementor-widget-wrap\">\n\t\t\t\t\t\t\t<\/div>\n\t\t<\/div>\n\t\t\t\t\t<\/div>\n\t\t<\/section>\n\t\t\t\t\t<\/div>\n\t\t<\/div>\n\t\t\t\t\t<\/div>\n\t\t<\/section>\n\t\t\t\t<section class=\"elementor-section elementor-top-section elementor-element elementor-element-01495c2 elementor-section-boxed elementor-section-height-default elementor-section-height-default\" data-id=\"01495c2\" data-element_type=\"section\" data-settings=\"{&quot;background_background&quot;:&quot;classic&quot;,&quot;_ha_eqh_enable&quot;:false}\">\n\t\t\t\t\t\t<div class=\"elementor-container elementor-column-gap-default\">\n\t\t\t\t\t<div class=\"elementor-column elementor-col-100 elementor-top-column elementor-element elementor-element-cba98da\" data-id=\"cba98da\" data-element_type=\"column\">\n\t\t\t<div class=\"elementor-widget-wrap elementor-element-populated\">\n\t\t\t\t\t\t<div class=\"elementor-element elementor-element-d5ce7ba elementor-widget elementor-widget-heading\" data-id=\"d5ce7ba\" data-element_type=\"widget\" data-widget_type=\"heading.default\">\n\t\t\t\t\t<h2 class=\"elementor-heading-title elementor-size-default\">o que estamos fazendo<\/h2>\t\t\t\t<\/div>\n\t\t\t\t<section class=\"elementor-section elementor-inner-section elementor-element elementor-element-95032b1 elementor-section-full_width elementor-section-height-default elementor-section-height-default\" data-id=\"95032b1\" data-element_type=\"section\" data-settings=\"{&quot;_ha_eqh_enable&quot;:false}\">\n\t\t\t\t\t\t<div class=\"elementor-container elementor-column-gap-default\">\n\t\t\t\t\t<div class=\"elementor-column elementor-col-33 elementor-inner-column elementor-element elementor-element-a98fad2\" data-id=\"a98fad2\" data-element_type=\"column\">\n\t\t\t<div class=\"elementor-widget-wrap elementor-element-populated\">\n\t\t\t\t\t\t<div class=\"elementor-element elementor-element-524de6a elementor-widget elementor-widget-image\" data-id=\"524de6a\" data-element_type=\"widget\" data-widget_type=\"image.default\">\n\t\t\t\t\t\t\t\t\t\t\t\t\t\t\t<img decoding=\"async\" width=\"500\" height=\"500\" src=\"https:\/\/homol.svarmodigital.net.br\/miradacoletiva\/wp-content\/uploads\/2025\/12\/acervofoto.webp\" class=\"attachment-large size-large wp-image-10\" alt=\"\" srcset=\"https:\/\/homol.svarmodigital.net.br\/miradacoletiva\/wp-content\/uploads\/2025\/12\/acervofoto.webp 500w, https:\/\/homol.svarmodigital.net.br\/miradacoletiva\/wp-content\/uploads\/2025\/12\/acervofoto-300x300.webp 300w, https:\/\/homol.svarmodigital.net.br\/miradacoletiva\/wp-content\/uploads\/2025\/12\/acervofoto-150x150.webp 150w\" sizes=\"(max-width: 500px) 100vw, 500px\" \/>\t\t\t\t\t\t\t\t\t\t\t\t\t\t\t<\/div>\n\t\t\t\t<div class=\"elementor-element elementor-element-abae02f elementor-widget elementor-widget-text-editor\" data-id=\"abae02f\" data-element_type=\"widget\" data-widget_type=\"text-editor.default\">\n\t\t\t\t\t\t\t\t\t<p class=\"\">(Em constru\u00e7\u00e3o)<\/p><p class=\"\">O Acervo Fotogr\u00e1fico \u00e9 um local onde voc\u00ea poder\u00e1 encontrar registros de atos, passeatas, congressos e demais eventos do movimento LGBTI+ brasileiro organizado.<\/p>\t\t\t\t\t\t\t\t<\/div>\n\t\t\t\t\t<\/div>\n\t\t<\/div>\n\t\t\t\t<div class=\"elementor-column elementor-col-33 elementor-inner-column elementor-element elementor-element-b3109bf\" data-id=\"b3109bf\" data-element_type=\"column\">\n\t\t\t<div class=\"elementor-widget-wrap elementor-element-populated\">\n\t\t\t\t\t\t<div class=\"elementor-element elementor-element-93a0d4a elementor-widget elementor-widget-image\" data-id=\"93a0d4a\" data-element_type=\"widget\" data-widget_type=\"image.default\">\n\t\t\t\t\t\t\t\t\t\t\t\t\t\t\t<img decoding=\"async\" width=\"500\" height=\"500\" src=\"https:\/\/homol.svarmodigital.net.br\/miradacoletiva\/wp-content\/uploads\/2025\/12\/cronologia.webp\" class=\"attachment-large size-large wp-image-12\" alt=\"\" srcset=\"https:\/\/homol.svarmodigital.net.br\/miradacoletiva\/wp-content\/uploads\/2025\/12\/cronologia.webp 500w, https:\/\/homol.svarmodigital.net.br\/miradacoletiva\/wp-content\/uploads\/2025\/12\/cronologia-300x300.webp 300w, https:\/\/homol.svarmodigital.net.br\/miradacoletiva\/wp-content\/uploads\/2025\/12\/cronologia-150x150.webp 150w\" sizes=\"(max-width: 500px) 100vw, 500px\" \/>\t\t\t\t\t\t\t\t\t\t\t\t\t\t\t<\/div>\n\t\t\t\t<div class=\"elementor-element elementor-element-cc5f19d elementor-widget elementor-widget-text-editor\" data-id=\"cc5f19d\" data-element_type=\"widget\" data-widget_type=\"text-editor.default\">\n\t\t\t\t\t\t\t\t\t<p class=\"\">Aqui voc\u00ea encontra uma linha do tempo do movimento LGBTI+ brasileiro, come\u00e7ando em 1960 at\u00e9 hoje. L\u00e1 poder\u00e1 conhecer datas de funda\u00e7\u00e3o de organiza\u00e7\u00f5es, de acontecimentos hist\u00f3ricos e de marcos jur\u00eddicos que atravessam nossa comunidade.<\/p>\t\t\t\t\t\t\t\t<\/div>\n\t\t\t\t\t<\/div>\n\t\t<\/div>\n\t\t\t\t<div class=\"elementor-column elementor-col-33 elementor-inner-column elementor-element elementor-element-272e1e3\" data-id=\"272e1e3\" data-element_type=\"column\">\n\t\t\t<div class=\"elementor-widget-wrap elementor-element-populated\">\n\t\t\t\t\t\t<div class=\"elementor-element elementor-element-9ce5189 elementor-widget elementor-widget-image\" data-id=\"9ce5189\" data-element_type=\"widget\" data-widget_type=\"image.default\">\n\t\t\t\t\t\t\t\t\t\t\t\t\t\t\t<img loading=\"lazy\" decoding=\"async\" width=\"500\" height=\"500\" src=\"https:\/\/homol.svarmodigital.net.br\/miradacoletiva\/wp-content\/uploads\/2025\/12\/audiovisual.webp\" class=\"attachment-large size-large wp-image-11\" alt=\"\" srcset=\"https:\/\/homol.svarmodigital.net.br\/miradacoletiva\/wp-content\/uploads\/2025\/12\/audiovisual.webp 500w, https:\/\/homol.svarmodigital.net.br\/miradacoletiva\/wp-content\/uploads\/2025\/12\/audiovisual-300x300.webp 300w, https:\/\/homol.svarmodigital.net.br\/miradacoletiva\/wp-content\/uploads\/2025\/12\/audiovisual-150x150.webp 150w\" sizes=\"(max-width: 500px) 100vw, 500px\" \/>\t\t\t\t\t\t\t\t\t\t\t\t\t\t\t<\/div>\n\t\t\t\t<div class=\"elementor-element elementor-element-98f4544 elementor-widget elementor-widget-text-editor\" data-id=\"98f4544\" data-element_type=\"widget\" data-widget_type=\"text-editor.default\">\n\t\t\t\t\t\t\t\t\t<p class=\"\">(Em constru\u00e7\u00e3o)<\/p><p class=\"\">Aqui voc\u00ea poder\u00e1 acessar web document\u00e1rios e entrevistas feitas com o objetivo de registrar um pouco da vida e da hist\u00f3ria de pessoas e organiza\u00e7\u00f5es que contribuem e\/ou contribu\u00edram para o fortalecimento do movimento LGBTI+ no Brasil.<\/p>\t\t\t\t\t\t\t\t<\/div>\n\t\t\t\t\t<\/div>\n\t\t<\/div>\n\t\t\t\t\t<\/div>\n\t\t<\/section>\n\t\t\t\t\t<\/div>\n\t\t<\/div>\n\t\t\t\t\t<\/div>\n\t\t<\/section>\n\t\t\t\t<\/div>\n\t\t","protected":false},"excerpt":{"rendered":"<p>BEM VINDES! Esse \u00e9 um site para o registro e a difus\u00e3o da hist\u00f3ria do Movimento LGBTI+ brasileiro! Acreditamos que quando conhecemos um pouco mais nossa hist\u00f3ria, somos capazes de lutar com alegria, organiza\u00e7\u00e3o e brilho para uma sociedade mais justa. Por isso, aqui voc\u00ea encontrar\u00e1 informa\u00e7\u00f5es, imagens e v\u00eddeos sobre agentes e organiza\u00e7\u00f5es que [&hellip;]<\/p>\n","protected":false},"author":1,"featured_media":0,"parent":0,"menu_order":0,"comment_status":"closed","ping_status":"closed","template":"elementor_header_footer","meta":{"footnotes":""},"class_list":["post-33","page","type-page","status-publish","hentry"],"_links":{"self":[{"href":"https:\/\/homol.svarmodigital.net.br\/miradacoletiva\/wp-json\/wp\/v2\/pages\/33","targetHints":{"allow":["GET"]}}],"collection":[{"href":"https:\/\/homol.svarmodigital.net.br\/miradacoletiva\/wp-json\/wp\/v2\/pages"}],"about":[{"href":"https:\/\/homol.svarmodigital.net.br\/miradacoletiva\/wp-json\/wp\/v2\/types\/page"}],"author":[{"embeddable":true,"href":"https:\/\/homol.svarmodigital.net.br\/miradacoletiva\/wp-json\/wp\/v2\/users\/1"}],"replies":[{"embeddable":true,"href":"https:\/\/homol.svarmodigital.net.br\/miradacoletiva\/wp-json\/wp\/v2\/comments?post=33"}],"version-history":[{"count":55,"href":"https:\/\/homol.svarmodigital.net.br\/miradacoletiva\/wp-json\/wp\/v2\/pages\/33\/revisions"}],"predecessor-version":[{"id":120,"href":"https:\/\/homol.svarmodigital.net.br\/miradacoletiva\/wp-json\/wp\/v2\/pages\/33\/revisions\/120"}],"wp:attachment":[{"href":"https:\/\/homol.svarmodigital.net.br\/miradacoletiva\/wp-json\/wp\/v2\/media?parent=33"}],"curies":[{"name":"wp","href":"https:\/\/api.w.org\/{rel}","templated":true}]}}