{"id":227,"date":"2025-12-09T00:08:01","date_gmt":"2025-12-09T00:08:01","guid":{"rendered":"https:\/\/homol.svarmodigital.net.br\/miradacoletiva\/?page_id=227"},"modified":"2025-12-10T00:55:51","modified_gmt":"2025-12-10T00:55:51","slug":"apoie","status":"publish","type":"page","link":"https:\/\/homol.svarmodigital.net.br\/miradacoletiva\/apoie\/","title":{"rendered":"Apoie"},"content":{"rendered":"\t\t<div data-elementor-type=\"wp-page\" data-elementor-id=\"227\" class=\"elementor elementor-227\" data-elementor-settings=\"{&quot;ha_cmc_init_switcher&quot;:&quot;no&quot;}\" data-elementor-post-type=\"page\">\n\t\t\t\t\t\t<section class=\"elementor-section elementor-top-section elementor-element elementor-element-1a984de elementor-section-boxed elementor-section-height-default elementor-section-height-default\" data-id=\"1a984de\" data-element_type=\"section\" data-settings=\"{&quot;background_background&quot;:&quot;classic&quot;,&quot;_ha_eqh_enable&quot;:false}\">\n\t\t\t\t\t\t<div class=\"elementor-container elementor-column-gap-default\">\n\t\t\t\t\t<div class=\"elementor-column elementor-col-100 elementor-top-column elementor-element elementor-element-404663f\" data-id=\"404663f\" data-element_type=\"column\">\n\t\t\t<div class=\"elementor-widget-wrap elementor-element-populated\">\n\t\t\t\t\t\t<div class=\"elementor-element elementor-element-d5c1df0 elementor-hidden-desktop elementor-hidden-tablet elementor-hidden-mobile elementor-widget elementor-widget-text-editor\" data-id=\"d5c1df0\" data-element_type=\"widget\" data-widget_type=\"text-editor.default\">\n\t\t\t\t\t\t\t\t\t<p class=\"\">Se voc\u00ea acha nosso trabalho importante, contribua coma gente! Ajude a preservar e democratizar o acesso \u00e0s mem\u00f3rias LBGT+.<\/p>\t\t\t\t\t\t\t\t<\/div>\n\t\t\t\t<div class=\"elementor-element elementor-element-d6a2718 elementor-hidden-desktop elementor-hidden-tablet elementor-hidden-mobile elementor-widget elementor-widget-heading\" data-id=\"d6a2718\" data-element_type=\"widget\" data-widget_type=\"heading.default\">\n\t\t\t\t\t<h2 class=\"elementor-heading-title elementor-size-default\">Modalidades de Apoio<\/h2>\t\t\t\t<\/div>\n\t\t\t\t<div class=\"elementor-element elementor-element-f2970aa elementor-hidden-desktop elementor-hidden-tablet elementor-hidden-mobile elementor-widget elementor-widget-text-editor\" data-id=\"f2970aa\" data-element_type=\"widget\" data-widget_type=\"text-editor.default\">\n\t\t\t\t\t\t\t\t\t<p><strong>Doa\u00e7\u00e3o de materiais:<\/strong><\/p><p>A Mirada Coletiva, criada em 2022, atua na idealiza\u00e7\u00e3o e realiza\u00e7\u00e3o de projetos para a equidade, com foco na popula\u00e7\u00e3o LGBTI+ nos campos da sa\u00fade, educa\u00e7\u00e3o e cultura. Buscamos reunir e preservar materiais que contribuam para a visibilidade, o fortalecimento e a mem\u00f3ria das nossas lutas e viv\u00eancias. Livros, revistas, manifestos, panfletos, cartazes, fotografias, pesquisas e quaisquer outros documentos que dialoguem com as pautas LGBTI+ e suas interseccionalidades s\u00e3o bem-vindos produzidos no Brasil.<\/p><p>Se voc\u00ea tem algo guardado ou que n\u00e3o utiliza mais, considere doar para a Mirada Coletiva. Assim, voc\u00ea ajudar\u00e1 a preservar nossa hist\u00f3ria, ampliar o acesso a produ\u00e7\u00f5es e refer\u00eancias diversas e fortalecer um trabalho comprometido com a equidade e a transforma\u00e7\u00e3o social.<\/p><p>Para doar, escreva para: [inserir e-mail da Mirada Coletiva].<\/p>\t\t\t\t\t\t\t\t<\/div>\n\t\t\t\t<div class=\"elementor-element elementor-element-75dcbee elementor-hidden-desktop elementor-hidden-tablet elementor-hidden-mobile elementor-widget elementor-widget-text-editor\" data-id=\"75dcbee\" data-element_type=\"widget\" data-widget_type=\"text-editor.default\">\n\t\t\t\t\t\t\t\t\t<p>Doa\u00e7\u00e3o financeira<\/p><p>Voc\u00ea pode doar qualquer valor para o arquivo por meio de transfer\u00eancia banc\u00e1ria ou pix. Caso queira doar por boleto banc\u00e1rio e\/ou se tornar uma doadora recorrente, entre em contato por e-mail.<\/p><p>Ag\u00eancia: 0000<br \/>Conta: 000000-0<br \/>Institui\u00e7\u00e3o: 000 \u2013 Cora SCD<br \/>Nome: Mirada Coletiva<br \/>CNPJ: 00.000.000.000\/00001<br \/>PIX: miracacoletiva@gmail.com<\/p>\t\t\t\t\t\t\t\t<\/div>\n\t\t\t\t<section class=\"elementor-section elementor-inner-section elementor-element elementor-element-239f2ef elementor-section-full_width elementor-section-height-default elementor-section-height-default\" data-id=\"239f2ef\" data-element_type=\"section\" data-settings=\"{&quot;_ha_eqh_enable&quot;:false}\">\n\t\t\t\t\t\t<div class=\"elementor-container elementor-column-gap-default\">\n\t\t\t\t\t<div class=\"elementor-column elementor-col-100 elementor-inner-column elementor-element elementor-element-55dc640\" data-id=\"55dc640\" data-element_type=\"column\">\n\t\t\t<div class=\"elementor-widget-wrap elementor-element-populated\">\n\t\t\t\t\t\t<div class=\"elementor-element elementor-element-21d6c0a elementor-widget elementor-widget-text-editor\" data-id=\"21d6c0a\" data-element_type=\"widget\" data-widget_type=\"text-editor.default\">\n\t\t\t\t\t\t\t\t\t<p class=\"\">estamos em constru\u00e7\u00e3o! volte em breve \ud83d\ude42<\/p>\t\t\t\t\t\t\t\t<\/div>\n\t\t\t\t\t<\/div>\n\t\t<\/div>\n\t\t\t\t\t<\/div>\n\t\t<\/section>\n\t\t\t\t\t<\/div>\n\t\t<\/div>\n\t\t\t\t\t<\/div>\n\t\t<\/section>\n\t\t\t\t<\/div>\n\t\t","protected":false},"excerpt":{"rendered":"<p>Se voc\u00ea acha nosso trabalho importante, contribua coma gente! Ajude a preservar e democratizar o acesso \u00e0s mem\u00f3rias LBGT+. Modalidades de Apoio Doa\u00e7\u00e3o de materiais: A Mirada Coletiva, criada em 2022, atua na idealiza\u00e7\u00e3o e realiza\u00e7\u00e3o de projetos para a equidade, com foco na popula\u00e7\u00e3o LGBTI+ nos campos da sa\u00fade, educa\u00e7\u00e3o e cultura. Buscamos reunir [&hellip;]<\/p>\n","protected":false},"author":1,"featured_media":0,"parent":0,"menu_order":0,"comment_status":"closed","ping_status":"closed","template":"elementor_header_footer","meta":{"footnotes":""},"class_list":["post-227","page","type-page","status-publish","hentry"],"_links":{"self":[{"href":"https:\/\/homol.svarmodigital.net.br\/miradacoletiva\/wp-json\/wp\/v2\/pages\/227","targetHints":{"allow":["GET"]}}],"collection":[{"href":"https:\/\/homol.svarmodigital.net.br\/miradacoletiva\/wp-json\/wp\/v2\/pages"}],"about":[{"href":"https:\/\/homol.svarmodigital.net.br\/miradacoletiva\/wp-json\/wp\/v2\/types\/page"}],"author":[{"embeddable":true,"href":"https:\/\/homol.svarmodigital.net.br\/miradacoletiva\/wp-json\/wp\/v2\/users\/1"}],"replies":[{"embeddable":true,"href":"https:\/\/homol.svarmodigital.net.br\/miradacoletiva\/wp-json\/wp\/v2\/comments?post=227"}],"version-history":[{"count":7,"href":"https:\/\/homol.svarmodigital.net.br\/miradacoletiva\/wp-json\/wp\/v2\/pages\/227\/revisions"}],"predecessor-version":[{"id":572,"href":"https:\/\/homol.svarmodigital.net.br\/miradacoletiva\/wp-json\/wp\/v2\/pages\/227\/revisions\/572"}],"wp:attachment":[{"href":"https:\/\/homol.svarmodigital.net.br\/miradacoletiva\/wp-json\/wp\/v2\/media?parent=227"}],"curies":[{"name":"wp","href":"https:\/\/api.w.org\/{rel}","templated":true}]}}