{"id":152,"date":"2025-12-08T22:09:03","date_gmt":"2025-12-08T22:09:03","guid":{"rendered":"https:\/\/homol.svarmodigital.net.br\/miradacoletiva\/?page_id=152"},"modified":"2025-12-10T01:33:17","modified_gmt":"2025-12-10T01:33:17","slug":"cronologia-2","status":"publish","type":"page","link":"https:\/\/homol.svarmodigital.net.br\/miradacoletiva\/cronologia-2\/","title":{"rendered":"Cronologia"},"content":{"rendered":"\t\t<div data-elementor-type=\"wp-page\" data-elementor-id=\"152\" class=\"elementor elementor-152\" data-elementor-settings=\"{&quot;ha_cmc_init_switcher&quot;:&quot;no&quot;}\" data-elementor-post-type=\"page\">\n\t\t\t\t\t\t<section class=\"elementor-section elementor-top-section elementor-element elementor-element-1a984de elementor-section-boxed elementor-section-height-default elementor-section-height-default\" data-id=\"1a984de\" data-element_type=\"section\" data-settings=\"{&quot;background_background&quot;:&quot;classic&quot;,&quot;_ha_eqh_enable&quot;:false}\">\n\t\t\t\t\t\t<div class=\"elementor-container elementor-column-gap-default\">\n\t\t\t\t\t<div class=\"elementor-column elementor-col-100 elementor-top-column elementor-element elementor-element-404663f\" data-id=\"404663f\" data-element_type=\"column\">\n\t\t\t<div class=\"elementor-widget-wrap elementor-element-populated\">\n\t\t\t\t\t\t<div class=\"elementor-element elementor-element-64d76d2 elementor-widget elementor-widget-image\" data-id=\"64d76d2\" data-element_type=\"widget\" data-widget_type=\"image.default\">\n\t\t\t\t\t\t\t\t\t\t\t\t\t\t\t<img fetchpriority=\"high\" decoding=\"async\" width=\"500\" height=\"398\" src=\"https:\/\/homol.svarmodigital.net.br\/miradacoletiva\/wp-content\/uploads\/2025\/12\/logocronologia.webp\" class=\"attachment-large size-large wp-image-26\" alt=\"\" srcset=\"https:\/\/homol.svarmodigital.net.br\/miradacoletiva\/wp-content\/uploads\/2025\/12\/logocronologia.webp 500w, https:\/\/homol.svarmodigital.net.br\/miradacoletiva\/wp-content\/uploads\/2025\/12\/logocronologia-300x239.webp 300w\" sizes=\"(max-width: 500px) 100vw, 500px\" \/>\t\t\t\t\t\t\t\t\t\t\t\t\t\t\t<\/div>\n\t\t\t\t<div class=\"elementor-element elementor-element-f2970aa elementor-widget elementor-widget-text-editor\" data-id=\"f2970aa\" data-element_type=\"widget\" data-widget_type=\"text-editor.default\">\n\t\t\t\t\t\t\t\t\t<p class=\"\">A Cronologia LGBTI+ \u00e9 uma linha do tempo do movimento LGBTI+ brasileiro, que come\u00e7a na d\u00e9cada de 1960 e vem at\u00e9 os dias de hoje. Nela, \u00e9 poss\u00edvel navegar pelo tempo e conhecer organiza\u00e7\u00f5es, marcos legais e jur\u00eddicos e acontecimentos hist\u00f3ricos que atravessaram e\/ou atravessam o movimento LGBTI+ em nosso pa\u00eds.\u00a0<\/p><p class=\"\">Como na Hist\u00f3ria, a linha permanece aberta para contribui\u00e7\u00f5es, revis\u00f5es e inser\u00e7\u00e3o de novas informa\u00e7\u00f5es.\u00a0<\/p><p class=\"\">Para contribuir com informa\u00e7\u00f5es para inser\u00e7\u00e3o na Cronologia LGBTI+, basta ir at\u00e9 a aba\u00a0<em>Fale com a gente\u00a0<\/em>e preencher o formul\u00e1rio.\u00a0<\/p>\t\t\t\t\t\t\t\t<\/div>\n\t\t\t\t\t<\/div>\n\t\t<\/div>\n\t\t\t\t\t<\/div>\n\t\t<\/section>\n\t\t\t\t<section class=\"elementor-section elementor-top-section elementor-element elementor-element-5547bcf elementor-section-full_width elementor-section-height-default elementor-section-height-default\" data-id=\"5547bcf\" data-element_type=\"section\" data-settings=\"{&quot;background_background&quot;:&quot;classic&quot;,&quot;_ha_eqh_enable&quot;:false}\">\n\t\t\t\t\t\t<div class=\"elementor-container elementor-column-gap-no\">\n\t\t\t\t\t<div class=\"elementor-column elementor-col-100 elementor-top-column elementor-element elementor-element-218c357\" data-id=\"218c357\" data-element_type=\"column\" data-settings=\"{&quot;background_background&quot;:&quot;classic&quot;}\">\n\t\t\t<div class=\"elementor-widget-wrap elementor-element-populated\">\n\t\t\t\t\t\t<div class=\"elementor-element elementor-element-e9f58b3 elementor-widget elementor-widget-ha-carousel happy-addon ha-carousel\" data-id=\"e9f58b3\" data-element_type=\"widget\" data-settings=\"{&quot;slides_to_show_mobile&quot;:&quot;1&quot;,&quot;navigation&quot;:&quot;dots&quot;,&quot;animation_speed&quot;:300,&quot;autoplay&quot;:&quot;yes&quot;,&quot;autoplay_speed&quot;:3000,&quot;loop&quot;:&quot;yes&quot;,&quot;slides_to_show&quot;:4,&quot;slides_to_show_tablet&quot;:3}\" data-widget_type=\"ha-carousel.default\">\n\t\t\t\t\t\n\t\t<div data-ha_rcc_uid=\"\" class=\"hajs-slick ha-slick ha-slick--carousel\">\n\n\t\t\t\n\t\t\t\t<div class=\"ha-slick-slide slick-slide\">\n\t\t\t\t\t<div class=\"ha-slick-item\">\n\t\t\t\t\t\t\t\t\t\t\t\t\t<img decoding=\"async\" class=\"ha-slick-img\" src=\"https:\/\/homol.svarmodigital.net.br\/miradacoletiva\/wp-content\/uploads\/2025\/12\/anos60.png\" alt=\"\">\n\t\t\t\t\t\t\n\t\t\t\t\t\t\t\t\t\t\t<\/div>\n\t\t\t\t<\/div>\n\n\t\t\t\n\t\t\t\t<div class=\"ha-slick-slide slick-slide\">\n\t\t\t\t\t<div class=\"ha-slick-item\">\n\t\t\t\t\t\t\t\t\t\t\t\t\t<img decoding=\"async\" class=\"ha-slick-img\" src=\"https:\/\/homol.svarmodigital.net.br\/miradacoletiva\/wp-content\/uploads\/2025\/12\/linhadotempo-20.webp\" alt=\"\">\n\t\t\t\t\t\t\n\t\t\t\t\t\t\t\t\t\t\t<\/div>\n\t\t\t\t<\/div>\n\n\t\t\t\n\t\t\t\t<div class=\"ha-slick-slide slick-slide\">\n\t\t\t\t\t<div class=\"ha-slick-item\">\n\t\t\t\t\t\t\t\t\t\t\t\t\t<img decoding=\"async\" class=\"ha-slick-img\" src=\"https:\/\/homol.svarmodigital.net.br\/miradacoletiva\/wp-content\/uploads\/2025\/12\/linhadotempo-21.webp\" alt=\"\">\n\t\t\t\t\t\t\n\t\t\t\t\t\t\t\t\t\t\t<\/div>\n\t\t\t\t<\/div>\n\n\t\t\t\n\t\t\t\t<div class=\"ha-slick-slide slick-slide\">\n\t\t\t\t\t<div class=\"ha-slick-item\">\n\t\t\t\t\t\t\t\t\t\t\t\t\t<img decoding=\"async\" class=\"ha-slick-img\" src=\"https:\/\/homol.svarmodigital.net.br\/miradacoletiva\/wp-content\/uploads\/2025\/12\/linhadotempo-22.webp\" alt=\"\">\n\t\t\t\t\t\t\n\t\t\t\t\t\t\t\t\t\t\t<\/div>\n\t\t\t\t<\/div>\n\n\t\t\t\n\t\t\t\t<div class=\"ha-slick-slide slick-slide\">\n\t\t\t\t\t<div class=\"ha-slick-item\">\n\t\t\t\t\t\t\t\t\t\t\t\t\t<img decoding=\"async\" class=\"ha-slick-img\" src=\"https:\/\/homol.svarmodigital.net.br\/miradacoletiva\/wp-content\/uploads\/2025\/12\/linhadotempo-23.webp\" alt=\"\">\n\t\t\t\t\t\t\n\t\t\t\t\t\t\t\t\t\t\t<\/div>\n\t\t\t\t<\/div>\n\n\t\t\t\n\t\t\t\t<div class=\"ha-slick-slide slick-slide\">\n\t\t\t\t\t<div class=\"ha-slick-item\">\n\t\t\t\t\t\t\t\t\t\t\t\t\t<img decoding=\"async\" class=\"ha-slick-img\" src=\"https:\/\/homol.svarmodigital.net.br\/miradacoletiva\/wp-content\/uploads\/2025\/12\/linhadotempo-24.webp\" alt=\"\">\n\t\t\t\t\t\t\n\t\t\t\t\t\t\t\t\t\t\t<\/div>\n\t\t\t\t<\/div>\n\n\t\t\t\n\t\t\t\t<div class=\"ha-slick-slide slick-slide\">\n\t\t\t\t\t<div class=\"ha-slick-item\">\n\t\t\t\t\t\t\t\t\t\t\t\t\t<img decoding=\"async\" class=\"ha-slick-img\" src=\"https:\/\/homol.svarmodigital.net.br\/miradacoletiva\/wp-content\/uploads\/2025\/12\/linhadotempo-25.webp\" alt=\"\">\n\t\t\t\t\t\t\n\t\t\t\t\t\t\t\t\t\t\t<\/div>\n\t\t\t\t<\/div>\n\n\t\t\t\n\t\t<\/div>\n\n\t\t\n\t\t\n\t\t\t\t\t\t<\/div>\n\t\t\t\t\t<\/div>\n\t\t<\/div>\n\t\t\t\t\t<\/div>\n\t\t<\/section>\n\t\t\t\t<section class=\"elementor-section elementor-top-section elementor-element elementor-element-d8301b2 elementor-section-full_width elementor-section-height-default elementor-section-height-default\" data-id=\"d8301b2\" data-element_type=\"section\" data-settings=\"{&quot;background_background&quot;:&quot;classic&quot;,&quot;_ha_eqh_enable&quot;:false}\">\n\t\t\t\t\t\t<div class=\"elementor-container elementor-column-gap-default\">\n\t\t\t\t\t<div class=\"elementor-column elementor-col-100 elementor-top-column elementor-element elementor-element-a4eef1b\" data-id=\"a4eef1b\" data-element_type=\"column\">\n\t\t\t<div class=\"elementor-widget-wrap elementor-element-populated\">\n\t\t\t\t\t\t<section class=\"elementor-section elementor-inner-section elementor-element elementor-element-dd172d2 elementor-section-boxed elementor-section-height-default elementor-section-height-default\" data-id=\"dd172d2\" data-element_type=\"section\" data-settings=\"{&quot;_ha_eqh_enable&quot;:false}\">\n\t\t\t\t\t\t<div class=\"elementor-container elementor-column-gap-default\">\n\t\t\t\t\t<div class=\"elementor-column elementor-col-33 elementor-inner-column elementor-element elementor-element-8c139f3\" data-id=\"8c139f3\" data-element_type=\"column\">\n\t\t\t<div class=\"elementor-widget-wrap elementor-element-populated\">\n\t\t\t\t\t\t<div class=\"elementor-element elementor-element-5136506 elementor-align-right elementor-mobile-align-center elementor-widget elementor-widget-button\" data-id=\"5136506\" data-element_type=\"widget\" data-widget_type=\"button.default\">\n\t\t\t\t\t\t\t\t\t\t<a class=\"elementor-button elementor-button-link elementor-size-sm\" href=\"https:\/\/homol.svarmodigital.net.br\/miradacoletiva\/organizacoes\/\">\n\t\t\t\t\t\t<span class=\"elementor-button-content-wrapper\">\n\t\t\t\t\t\t\t\t\t<span class=\"elementor-button-text\">ORGANIZA\u00c7\u00d5ES<\/span>\n\t\t\t\t\t<\/span>\n\t\t\t\t\t<\/a>\n\t\t\t\t\t\t\t\t<\/div>\n\t\t\t\t\t<\/div>\n\t\t<\/div>\n\t\t\t\t<div class=\"elementor-column elementor-col-33 elementor-inner-column elementor-element elementor-element-948ce40\" data-id=\"948ce40\" data-element_type=\"column\">\n\t\t\t<div class=\"elementor-widget-wrap elementor-element-populated\">\n\t\t\t\t\t\t<div class=\"elementor-element elementor-element-e522732 elementor-align-right elementor-widget elementor-widget-button\" data-id=\"e522732\" data-element_type=\"widget\" data-widget_type=\"button.default\">\n\t\t\t\t\t\t\t\t\t\t<a class=\"elementor-button elementor-button-link elementor-size-sm\" href=\"https:\/\/homol.svarmodigital.net.br\/miradacoletiva\/acontecimentos-historicos\/\">\n\t\t\t\t\t\t<span class=\"elementor-button-content-wrapper\">\n\t\t\t\t\t\t\t\t\t<span class=\"elementor-button-text\">ACONTECIMENTOS HIST\u00d3RICOS<\/span>\n\t\t\t\t\t<\/span>\n\t\t\t\t\t<\/a>\n\t\t\t\t\t\t\t\t<\/div>\n\t\t\t\t\t<\/div>\n\t\t<\/div>\n\t\t\t\t<div class=\"elementor-column elementor-col-33 elementor-inner-column elementor-element elementor-element-d08c0e6\" data-id=\"d08c0e6\" data-element_type=\"column\">\n\t\t\t<div class=\"elementor-widget-wrap elementor-element-populated\">\n\t\t\t\t\t\t<div class=\"elementor-element elementor-element-dad6b7e elementor-align-left elementor-widget elementor-widget-button\" data-id=\"dad6b7e\" data-element_type=\"widget\" data-widget_type=\"button.default\">\n\t\t\t\t\t\t\t\t\t\t<a class=\"elementor-button elementor-button-link elementor-size-sm\" href=\"https:\/\/homol.svarmodigital.net.br\/miradacoletiva\/marcos-legais-e-juridicos\/\">\n\t\t\t\t\t\t<span class=\"elementor-button-content-wrapper\">\n\t\t\t\t\t\t\t\t\t<span class=\"elementor-button-text\">MARCOS LEGAIS E JUR\u00cdDICOS<\/span>\n\t\t\t\t\t<\/span>\n\t\t\t\t\t<\/a>\n\t\t\t\t\t\t\t\t<\/div>\n\t\t\t\t\t<\/div>\n\t\t<\/div>\n\t\t\t\t\t<\/div>\n\t\t<\/section>\n\t\t\t\t\t<\/div>\n\t\t<\/div>\n\t\t\t\t\t<\/div>\n\t\t<\/section>\n\t\t\t\t<\/div>\n\t\t","protected":false},"excerpt":{"rendered":"<p>A Cronologia LGBTI+ \u00e9 uma linha do tempo do movimento LGBTI+ brasileiro, que come\u00e7a na d\u00e9cada de 1960 e vem at\u00e9 os dias de hoje. Nela, \u00e9 poss\u00edvel navegar pelo tempo e conhecer organiza\u00e7\u00f5es, marcos legais e jur\u00eddicos e acontecimentos hist\u00f3ricos que atravessaram e\/ou atravessam o movimento LGBTI+ em nosso pa\u00eds.\u00a0 Como na Hist\u00f3ria, a [&hellip;]<\/p>\n","protected":false},"author":1,"featured_media":0,"parent":0,"menu_order":0,"comment_status":"closed","ping_status":"closed","template":"elementor_header_footer","meta":{"footnotes":""},"class_list":["post-152","page","type-page","status-publish","hentry"],"_links":{"self":[{"href":"https:\/\/homol.svarmodigital.net.br\/miradacoletiva\/wp-json\/wp\/v2\/pages\/152","targetHints":{"allow":["GET"]}}],"collection":[{"href":"https:\/\/homol.svarmodigital.net.br\/miradacoletiva\/wp-json\/wp\/v2\/pages"}],"about":[{"href":"https:\/\/homol.svarmodigital.net.br\/miradacoletiva\/wp-json\/wp\/v2\/types\/page"}],"author":[{"embeddable":true,"href":"https:\/\/homol.svarmodigital.net.br\/miradacoletiva\/wp-json\/wp\/v2\/users\/1"}],"replies":[{"embeddable":true,"href":"https:\/\/homol.svarmodigital.net.br\/miradacoletiva\/wp-json\/wp\/v2\/comments?post=152"}],"version-history":[{"count":185,"href":"https:\/\/homol.svarmodigital.net.br\/miradacoletiva\/wp-json\/wp\/v2\/pages\/152\/revisions"}],"predecessor-version":[{"id":621,"href":"https:\/\/homol.svarmodigital.net.br\/miradacoletiva\/wp-json\/wp\/v2\/pages\/152\/revisions\/621"}],"wp:attachment":[{"href":"https:\/\/homol.svarmodigital.net.br\/miradacoletiva\/wp-json\/wp\/v2\/media?parent=152"}],"curies":[{"name":"wp","href":"https:\/\/api.w.org\/{rel}","templated":true}]}}