{"id":92,"date":"2025-05-26T18:38:23","date_gmt":"2025-05-26T18:38:23","guid":{"rendered":"https:\/\/homol.svarmodigital.net.br\/bsaa\/?page_id=92"},"modified":"2025-05-26T18:45:18","modified_gmt":"2025-05-26T18:45:18","slug":"o-escritorio","status":"publish","type":"page","link":"https:\/\/homol.svarmodigital.net.br\/bsaa\/o-escritorio\/","title":{"rendered":"O Escrit\u00f3rio"},"content":{"rendered":"\t\t<div data-elementor-type=\"wp-page\" data-elementor-id=\"92\" class=\"elementor elementor-92\" data-elementor-post-type=\"page\">\n\t\t\t\t\t\t<section class=\"elementor-section elementor-top-section elementor-element elementor-element-7a2d593 elementor-section-boxed elementor-section-height-default elementor-section-height-default\" data-id=\"7a2d593\" data-element_type=\"section\" data-settings=\"{&quot;background_background&quot;:&quot;classic&quot;}\">\n\t\t\t\t\t\t<div class=\"elementor-container elementor-column-gap-default\">\n\t\t\t\t\t<div class=\"elementor-column elementor-col-100 elementor-top-column elementor-element elementor-element-98424ee\" data-id=\"98424ee\" data-element_type=\"column\">\n\t\t\t<div class=\"elementor-widget-wrap elementor-element-populated\">\n\t\t\t\t\t\t<div class=\"elementor-element elementor-element-18fa5d3 elementor-widget elementor-widget-heading\" data-id=\"18fa5d3\" data-element_type=\"widget\" data-widget_type=\"heading.default\">\n\t\t\t\t<div class=\"elementor-widget-container\">\n\t\t\t\t\t<h2 class=\"elementor-heading-title elementor-size-default\">O Escrit\u00f3rio<\/h2>\t\t\t\t<\/div>\n\t\t\t\t<\/div>\n\t\t\t\t<div class=\"elementor-element elementor-element-74c5242 elementor-align-center elementor-widget elementor-widget-breadcrumbs\" data-id=\"74c5242\" data-element_type=\"widget\" data-widget_type=\"breadcrumbs.default\">\n\t\t\t\t<div class=\"elementor-widget-container\">\n\t\t\t\t\t<p id=\"breadcrumbs\"><span><span><a href=\"https:\/\/homol.svarmodigital.net.br\/bsaa\/\">In\u00edcio<\/a><\/span><\/span><\/p>\t\t\t\t<\/div>\n\t\t\t\t<\/div>\n\t\t\t\t\t<\/div>\n\t\t<\/div>\n\t\t\t\t\t<\/div>\n\t\t<\/section>\n\t\t\t\t<section class=\"elementor-section elementor-top-section elementor-element elementor-element-a3582c8 elementor-section-boxed elementor-section-height-default elementor-section-height-default\" data-id=\"a3582c8\" data-element_type=\"section\" data-settings=\"{&quot;background_background&quot;:&quot;classic&quot;}\">\n\t\t\t\t\t\t<div class=\"elementor-container elementor-column-gap-default\">\n\t\t\t\t\t<div class=\"elementor-column elementor-col-100 elementor-top-column elementor-element elementor-element-81f2945\" data-id=\"81f2945\" data-element_type=\"column\">\n\t\t\t<div class=\"elementor-widget-wrap elementor-element-populated\">\n\t\t\t\t\t\t<div class=\"elementor-element elementor-element-a9611a4 elementor-widget elementor-widget-text-editor\" data-id=\"a9611a4\" data-element_type=\"widget\" data-widget_type=\"text-editor.default\">\n\t\t\t\t<div class=\"elementor-widget-container\">\n\t\t\t\t\t\t\t\t\t<p>O Escrit\u00f3rio Barbosa de S\u00e1 &amp; Alencastro Advogados Associados nasceu em 2005, a partir da atua\u00e7\u00e3o do s\u00f3cio fundador\u00a0<b>Get\u00falio Humberto Barbosa de S\u00e1<\/b>, com s\u00f3lida experi\u00eancia na advocacia criminal. Posteriormente, em 2006, a parceria com o s\u00f3cio\u00a0<b>In\u00e1cio Bento de Loyola Alencastro<\/b>\u00a0se concretizou, e o BSAA passou a atuar tamb\u00e9m na esfera c\u00edvel, com foco na assessoria empresarial e na recupera\u00e7\u00e3o de cr\u00e9dito, mas sem perder o olhar atento aos clientes pessoa f\u00edsica.<\/p><p>Com o decorrer dos anos, o nosso time passou por um consistente processo de expans\u00e3o, sendo integrado por profissionais de atua\u00e7\u00e3o interdisciplinar, com o objetivo de fortalecer ainda mais a sua expertise t\u00e9cnica e atender de maneira integral as necessidades dos nossos clientes. Com isso, come\u00e7amos a atender tamb\u00e9m as demandas do terceiro setor, do agroneg\u00f3cio, de cooperativismo de cr\u00e9dito, Direito Administrativo e especializa\u00e7\u00e3o voltada aos Tribunais Superiores.<\/p><p>Em 2014, passamos a atuar tamb\u00e9m na \u00e1rea de Compliance, Integridade Corporativa e Governan\u00e7a, com a implementa\u00e7\u00e3o de programas de conformidade, a investiga\u00e7\u00e3o defensiva e a representa\u00e7\u00e3o como Compliance Officer terceirizado. Desde 2018, oferecemos consultoria especializada em compliance digital, por meio do atendimento \u00e0 Lei Geral de Prote\u00e7\u00e3o de Dados Pessoais (LGPD), Lei n\u00ba 13.709\/18, e consultoria na pauta ESG (Environmental, Social and Governance), entre elas, a implementa\u00e7\u00e3o e adequa\u00e7\u00e3o aos 10 princ\u00edpios do Pacto Global da Organiza\u00e7\u00e3o das Na\u00e7\u00f5es Unidas &#8211; ONU.<\/p><p>Temos como miss\u00e3o oferecer servi\u00e7os jur\u00eddicos de qualidade, com solu\u00e7\u00f5es inteligentes e inovadoras, que agreguem valor a todos os envolvidos na rela\u00e7\u00e3o jur\u00eddica. Primamos pelo atendimento personalizado e pela pessoalidade, e nos empenhamos em dedicar a cada cliente aten\u00e7\u00e3o especial, na forma de parceria e de relacionamentos de longo prazo, tra\u00e7o caracter\u00edstico de nossa cultura.<\/p>\t\t\t\t\t\t\t\t<\/div>\n\t\t\t\t<\/div>\n\t\t\t\t\t<\/div>\n\t\t<\/div>\n\t\t\t\t\t<\/div>\n\t\t<\/section>\n\t\t\t\t<\/div>\n\t\t","protected":false},"excerpt":{"rendered":"<p>O Escrit\u00f3rio O Escrit\u00f3rio Barbosa de S\u00e1 &amp; Alencastro Advogados Associados nasceu em 2005, a partir da atua\u00e7\u00e3o do s\u00f3cio fundador\u00a0Get\u00falio Humberto Barbosa de S\u00e1, com s\u00f3lida experi\u00eancia na advocacia criminal. Posteriormente, em 2006, a parceria com o s\u00f3cio\u00a0In\u00e1cio Bento de Loyola Alencastro\u00a0se concretizou, e o BSAA passou a atuar tamb\u00e9m na esfera c\u00edvel, com [&hellip;]<\/p>\n","protected":false},"author":1,"featured_media":0,"parent":0,"menu_order":0,"comment_status":"closed","ping_status":"closed","template":"elementor_header_footer","meta":{"footnotes":""},"class_list":["post-92","page","type-page","status-publish","hentry"],"yoast_head":"<!-- This site is optimized with the Yoast SEO plugin v26.0 - https:\/\/yoast.com\/wordpress\/plugins\/seo\/ -->\n<title>O Escrit\u00f3rio - Barbosa de S\u00e1 &amp; Alencastro<\/title>\n<meta name=\"robots\" content=\"index, follow, max-snippet:-1, max-image-preview:large, max-video-preview:-1\" \/>\n<link rel=\"canonical\" href=\"https:\/\/homol.svarmodigital.net.br\/bsaa\/o-escritorio\/\" \/>\n<meta property=\"og:locale\" content=\"pt_BR\" \/>\n<meta property=\"og:type\" content=\"article\" \/>\n<meta property=\"og:title\" content=\"O Escrit\u00f3rio - Barbosa de S\u00e1 &amp; Alencastro\" \/>\n<meta property=\"og:description\" content=\"O Escrit\u00f3rio O Escrit\u00f3rio Barbosa de S\u00e1 &amp; Alencastro Advogados Associados nasceu em 2005, a partir da atua\u00e7\u00e3o do s\u00f3cio fundador\u00a0Get\u00falio Humberto Barbosa de S\u00e1, com s\u00f3lida experi\u00eancia na advocacia criminal. Posteriormente, em 2006, a parceria com o s\u00f3cio\u00a0In\u00e1cio Bento de Loyola Alencastro\u00a0se concretizou, e o BSAA passou a atuar tamb\u00e9m na esfera c\u00edvel, com [&hellip;]\" \/>\n<meta property=\"og:url\" content=\"https:\/\/homol.svarmodigital.net.br\/bsaa\/o-escritorio\/\" \/>\n<meta property=\"og:site_name\" content=\"Barbosa de S\u00e1 &amp; Alencastro\" \/>\n<meta property=\"article:modified_time\" content=\"2025-05-26T18:45:18+00:00\" \/>\n<meta name=\"twitter:card\" content=\"summary_large_image\" \/>\n<meta name=\"twitter:label1\" content=\"Est. tempo de leitura\" \/>\n\t<meta name=\"twitter:data1\" content=\"2 minutos\" \/>\n<script type=\"application\/ld+json\" class=\"yoast-schema-graph\">{\"@context\":\"https:\/\/schema.org\",\"@graph\":[{\"@type\":\"WebPage\",\"@id\":\"https:\/\/homol.svarmodigital.net.br\/bsaa\/o-escritorio\/\",\"url\":\"https:\/\/homol.svarmodigital.net.br\/bsaa\/o-escritorio\/\",\"name\":\"O Escrit\u00f3rio - Barbosa de S\u00e1 &amp; Alencastro\",\"isPartOf\":{\"@id\":\"https:\/\/homol.svarmodigital.net.br\/bsaa\/#website\"},\"datePublished\":\"2025-05-26T18:38:23+00:00\",\"dateModified\":\"2025-05-26T18:45:18+00:00\",\"breadcrumb\":{\"@id\":\"https:\/\/homol.svarmodigital.net.br\/bsaa\/o-escritorio\/#breadcrumb\"},\"inLanguage\":\"pt-BR\",\"potentialAction\":[{\"@type\":\"ReadAction\",\"target\":[\"https:\/\/homol.svarmodigital.net.br\/bsaa\/o-escritorio\/\"]}]},{\"@type\":\"BreadcrumbList\",\"@id\":\"https:\/\/homol.svarmodigital.net.br\/bsaa\/o-escritorio\/#breadcrumb\",\"itemListElement\":[{\"@type\":\"ListItem\",\"position\":1,\"name\":\"In\u00edcio\",\"item\":\"https:\/\/homol.svarmodigital.net.br\/bsaa\/\"},{\"@type\":\"ListItem\",\"position\":2,\"name\":\"O Escrit\u00f3rio\"}]},{\"@type\":\"WebSite\",\"@id\":\"https:\/\/homol.svarmodigital.net.br\/bsaa\/#website\",\"url\":\"https:\/\/homol.svarmodigital.net.br\/bsaa\/\",\"name\":\"Barbosa de S\u00e1 &amp; Alencastro\",\"description\":\"Advogados Associados\",\"potentialAction\":[{\"@type\":\"SearchAction\",\"target\":{\"@type\":\"EntryPoint\",\"urlTemplate\":\"https:\/\/homol.svarmodigital.net.br\/bsaa\/?s={search_term_string}\"},\"query-input\":{\"@type\":\"PropertyValueSpecification\",\"valueRequired\":true,\"valueName\":\"search_term_string\"}}],\"inLanguage\":\"pt-BR\"}]}<\/script>\n<!-- \/ Yoast SEO plugin. -->","yoast_head_json":{"title":"O Escrit\u00f3rio - Barbosa de S\u00e1 &amp; Alencastro","robots":{"index":"index","follow":"follow","max-snippet":"max-snippet:-1","max-image-preview":"max-image-preview:large","max-video-preview":"max-video-preview:-1"},"canonical":"https:\/\/homol.svarmodigital.net.br\/bsaa\/o-escritorio\/","og_locale":"pt_BR","og_type":"article","og_title":"O Escrit\u00f3rio - Barbosa de S\u00e1 &amp; Alencastro","og_description":"O Escrit\u00f3rio O Escrit\u00f3rio Barbosa de S\u00e1 &amp; Alencastro Advogados Associados nasceu em 2005, a partir da atua\u00e7\u00e3o do s\u00f3cio fundador\u00a0Get\u00falio Humberto Barbosa de S\u00e1, com s\u00f3lida experi\u00eancia na advocacia criminal. Posteriormente, em 2006, a parceria com o s\u00f3cio\u00a0In\u00e1cio Bento de Loyola Alencastro\u00a0se concretizou, e o BSAA passou a atuar tamb\u00e9m na esfera c\u00edvel, com [&hellip;]","og_url":"https:\/\/homol.svarmodigital.net.br\/bsaa\/o-escritorio\/","og_site_name":"Barbosa de S\u00e1 &amp; Alencastro","article_modified_time":"2025-05-26T18:45:18+00:00","twitter_card":"summary_large_image","twitter_misc":{"Est. tempo de leitura":"2 minutos"},"schema":{"@context":"https:\/\/schema.org","@graph":[{"@type":"WebPage","@id":"https:\/\/homol.svarmodigital.net.br\/bsaa\/o-escritorio\/","url":"https:\/\/homol.svarmodigital.net.br\/bsaa\/o-escritorio\/","name":"O Escrit\u00f3rio - Barbosa de S\u00e1 &amp; Alencastro","isPartOf":{"@id":"https:\/\/homol.svarmodigital.net.br\/bsaa\/#website"},"datePublished":"2025-05-26T18:38:23+00:00","dateModified":"2025-05-26T18:45:18+00:00","breadcrumb":{"@id":"https:\/\/homol.svarmodigital.net.br\/bsaa\/o-escritorio\/#breadcrumb"},"inLanguage":"pt-BR","potentialAction":[{"@type":"ReadAction","target":["https:\/\/homol.svarmodigital.net.br\/bsaa\/o-escritorio\/"]}]},{"@type":"BreadcrumbList","@id":"https:\/\/homol.svarmodigital.net.br\/bsaa\/o-escritorio\/#breadcrumb","itemListElement":[{"@type":"ListItem","position":1,"name":"In\u00edcio","item":"https:\/\/homol.svarmodigital.net.br\/bsaa\/"},{"@type":"ListItem","position":2,"name":"O Escrit\u00f3rio"}]},{"@type":"WebSite","@id":"https:\/\/homol.svarmodigital.net.br\/bsaa\/#website","url":"https:\/\/homol.svarmodigital.net.br\/bsaa\/","name":"Barbosa de S\u00e1 &amp; Alencastro","description":"Advogados Associados","potentialAction":[{"@type":"SearchAction","target":{"@type":"EntryPoint","urlTemplate":"https:\/\/homol.svarmodigital.net.br\/bsaa\/?s={search_term_string}"},"query-input":{"@type":"PropertyValueSpecification","valueRequired":true,"valueName":"search_term_string"}}],"inLanguage":"pt-BR"}]}},"_links":{"self":[{"href":"https:\/\/homol.svarmodigital.net.br\/bsaa\/wp-json\/wp\/v2\/pages\/92","targetHints":{"allow":["GET"]}}],"collection":[{"href":"https:\/\/homol.svarmodigital.net.br\/bsaa\/wp-json\/wp\/v2\/pages"}],"about":[{"href":"https:\/\/homol.svarmodigital.net.br\/bsaa\/wp-json\/wp\/v2\/types\/page"}],"author":[{"embeddable":true,"href":"https:\/\/homol.svarmodigital.net.br\/bsaa\/wp-json\/wp\/v2\/users\/1"}],"replies":[{"embeddable":true,"href":"https:\/\/homol.svarmodigital.net.br\/bsaa\/wp-json\/wp\/v2\/comments?post=92"}],"version-history":[{"count":10,"href":"https:\/\/homol.svarmodigital.net.br\/bsaa\/wp-json\/wp\/v2\/pages\/92\/revisions"}],"predecessor-version":[{"id":116,"href":"https:\/\/homol.svarmodigital.net.br\/bsaa\/wp-json\/wp\/v2\/pages\/92\/revisions\/116"}],"wp:attachment":[{"href":"https:\/\/homol.svarmodigital.net.br\/bsaa\/wp-json\/wp\/v2\/media?parent=92"}],"curies":[{"name":"wp","href":"https:\/\/api.w.org\/{rel}","templated":true}]}}