{"id":371,"date":"2025-05-26T20:45:45","date_gmt":"2025-05-26T20:45:45","guid":{"rendered":"https:\/\/homol.svarmodigital.net.br\/bsaa\/?page_id=371"},"modified":"2025-05-26T20:49:26","modified_gmt":"2025-05-26T20:49:26","slug":"capacita","status":"publish","type":"page","link":"https:\/\/homol.svarmodigital.net.br\/bsaa\/capacita\/","title":{"rendered":"Capacita"},"content":{"rendered":"\t\t<div data-elementor-type=\"wp-page\" data-elementor-id=\"371\" class=\"elementor elementor-371\" data-elementor-post-type=\"page\">\n\t\t\t\t\t\t<section class=\"elementor-section elementor-top-section elementor-element elementor-element-7a2d593 elementor-section-boxed elementor-section-height-default elementor-section-height-default\" data-id=\"7a2d593\" data-element_type=\"section\" data-settings=\"{&quot;background_background&quot;:&quot;classic&quot;}\">\n\t\t\t\t\t\t<div class=\"elementor-container elementor-column-gap-default\">\n\t\t\t\t\t<div class=\"elementor-column elementor-col-100 elementor-top-column elementor-element elementor-element-98424ee\" data-id=\"98424ee\" data-element_type=\"column\">\n\t\t\t<div class=\"elementor-widget-wrap elementor-element-populated\">\n\t\t\t\t\t\t<div class=\"elementor-element elementor-element-18fa5d3 elementor-widget elementor-widget-heading\" data-id=\"18fa5d3\" data-element_type=\"widget\" data-widget_type=\"heading.default\">\n\t\t\t\t<div class=\"elementor-widget-container\">\n\t\t\t\t\t<h2 class=\"elementor-heading-title elementor-size-default\">Capacita<\/h2>\t\t\t\t<\/div>\n\t\t\t\t<\/div>\n\t\t\t\t<div class=\"elementor-element elementor-element-74c5242 elementor-align-center elementor-widget elementor-widget-breadcrumbs\" data-id=\"74c5242\" data-element_type=\"widget\" data-widget_type=\"breadcrumbs.default\">\n\t\t\t\t<div class=\"elementor-widget-container\">\n\t\t\t\t\t<p id=\"breadcrumbs\"><span><span><a href=\"https:\/\/homol.svarmodigital.net.br\/bsaa\/\">In\u00edcio<\/a><\/span><\/span><\/p>\t\t\t\t<\/div>\n\t\t\t\t<\/div>\n\t\t\t\t\t<\/div>\n\t\t<\/div>\n\t\t\t\t\t<\/div>\n\t\t<\/section>\n\t\t\t\t<section class=\"elementor-section elementor-top-section elementor-element elementor-element-a3582c8 elementor-section-boxed elementor-section-height-default elementor-section-height-default\" data-id=\"a3582c8\" data-element_type=\"section\" data-settings=\"{&quot;background_background&quot;:&quot;classic&quot;}\">\n\t\t\t\t\t\t<div class=\"elementor-container elementor-column-gap-default\">\n\t\t\t\t\t<div class=\"elementor-column elementor-col-50 elementor-top-column elementor-element elementor-element-81f2945\" data-id=\"81f2945\" data-element_type=\"column\">\n\t\t\t<div class=\"elementor-widget-wrap elementor-element-populated\">\n\t\t\t\t\t\t<div class=\"elementor-element elementor-element-42e1c30 elementor-widget elementor-widget-image\" data-id=\"42e1c30\" data-element_type=\"widget\" data-widget_type=\"image.default\">\n\t\t\t\t<div class=\"elementor-widget-container\">\n\t\t\t\t\t\t\t\t\t\t\t\t\t\t\t<img fetchpriority=\"high\" decoding=\"async\" width=\"768\" height=\"581\" src=\"https:\/\/homol.svarmodigital.net.br\/bsaa\/wp-content\/uploads\/2025\/05\/img-capacita.jpg\" class=\"attachment-large size-large wp-image-374\" alt=\"\" srcset=\"https:\/\/homol.svarmodigital.net.br\/bsaa\/wp-content\/uploads\/2025\/05\/img-capacita.jpg 768w, https:\/\/homol.svarmodigital.net.br\/bsaa\/wp-content\/uploads\/2025\/05\/img-capacita-300x227.jpg 300w\" sizes=\"(max-width: 768px) 100vw, 768px\" \/>\t\t\t\t\t\t\t\t\t\t\t\t\t\t\t<\/div>\n\t\t\t\t<\/div>\n\t\t\t\t<div class=\"elementor-element elementor-element-a9611a4 elementor-widget elementor-widget-text-editor\" data-id=\"a9611a4\" data-element_type=\"widget\" data-widget_type=\"text-editor.default\">\n\t\t\t\t<div class=\"elementor-widget-container\">\n\t\t\t\t\t\t\t\t\t<p>O programa de aprimoramento da nossa equipe do BSAA, intitulado Capacita, ocorre \u00e0s sextas-feiras. Nele, tratamos de teses jur\u00eddicas, trocamos experi\u00eancias, trazemos especialistas de fora, falamos de livros que gostamos de ler e muito mais.<\/p><p>Na ocasi\u00e3o das fotos, aproveitamos para falar com os novos colaboradores sobre Compliance, Lei Geral de Prote\u00e7\u00e3o de Dados pessoais e nosso manual de conduta. Tudo com a presen\u00e7a maci\u00e7a da alta administra\u00e7\u00e3o. Como dizemos sempre aos nossos clientes: o treinamento efetivo deve ser cont\u00ednuo!<\/p>\t\t\t\t\t\t\t\t<\/div>\n\t\t\t\t<\/div>\n\t\t\t\t\t<\/div>\n\t\t<\/div>\n\t\t\t\t<div class=\"elementor-column elementor-col-50 elementor-top-column elementor-element elementor-element-fd159f4\" data-id=\"fd159f4\" data-element_type=\"column\">\n\t\t\t<div class=\"elementor-widget-wrap elementor-element-populated\">\n\t\t\t\t\t\t<section class=\"elementor-section elementor-inner-section elementor-element elementor-element-762cf01 elementor-section-boxed elementor-section-height-default elementor-section-height-default\" data-id=\"762cf01\" data-element_type=\"section\" data-settings=\"{&quot;background_background&quot;:&quot;classic&quot;}\">\n\t\t\t\t\t\t<div class=\"elementor-container elementor-column-gap-default\">\n\t\t\t\t\t<div class=\"elementor-column elementor-col-100 elementor-inner-column elementor-element elementor-element-c461666\" data-id=\"c461666\" data-element_type=\"column\">\n\t\t\t<div class=\"elementor-widget-wrap elementor-element-populated\">\n\t\t\t\t\t\t<div class=\"elementor-element elementor-element-43d0856 elementor-widget elementor-widget-heading\" data-id=\"43d0856\" data-element_type=\"widget\" data-widget_type=\"heading.default\">\n\t\t\t\t<div class=\"elementor-widget-container\">\n\t\t\t\t\t<h2 class=\"elementor-heading-title elementor-size-default\">RESPONSABILIDADES<\/h2>\t\t\t\t<\/div>\n\t\t\t\t<\/div>\n\t\t\t\t<div class=\"elementor-element elementor-element-8dbd847 elementor-icon-list--layout-traditional elementor-list-item-link-full_width elementor-widget elementor-widget-icon-list\" data-id=\"8dbd847\" data-element_type=\"widget\" data-widget_type=\"icon-list.default\">\n\t\t\t\t<div class=\"elementor-widget-container\">\n\t\t\t\t\t\t\t<ul class=\"elementor-icon-list-items\">\n\t\t\t\t\t\t\t<li class=\"elementor-icon-list-item\">\n\t\t\t\t\t\t\t\t\t\t\t<a href=\"https:\/\/homol.svarmodigital.net.br\/bsaa\/bsaa-solidario\/\">\n\n\t\t\t\t\t\t\t\t\t\t\t\t<span class=\"elementor-icon-list-icon\">\n\t\t\t\t\t\t\t<svg aria-hidden=\"true\" class=\"e-font-icon-svg e-fas-check\" viewBox=\"0 0 512 512\" xmlns=\"http:\/\/www.w3.org\/2000\/svg\"><path d=\"M173.898 439.404l-166.4-166.4c-9.997-9.997-9.997-26.206 0-36.204l36.203-36.204c9.997-9.998 26.207-9.998 36.204 0L192 312.69 432.095 72.596c9.997-9.997 26.207-9.997 36.204 0l36.203 36.204c9.997 9.997 9.997 26.206 0 36.204l-294.4 294.401c-9.998 9.997-26.207 9.997-36.204-.001z\"><\/path><\/svg>\t\t\t\t\t\t<\/span>\n\t\t\t\t\t\t\t\t\t\t<span class=\"elementor-icon-list-text\">BSAA Solid\u00e1rio<\/span>\n\t\t\t\t\t\t\t\t\t\t\t<\/a>\n\t\t\t\t\t\t\t\t\t<\/li>\n\t\t\t\t\t\t\t\t<li class=\"elementor-icon-list-item\">\n\t\t\t\t\t\t\t\t\t\t\t<a href=\"https:\/\/homol.svarmodigital.net.br\/bsaa\/bsaa-running\/\">\n\n\t\t\t\t\t\t\t\t\t\t\t\t<span class=\"elementor-icon-list-icon\">\n\t\t\t\t\t\t\t<svg aria-hidden=\"true\" class=\"e-font-icon-svg e-fas-check\" viewBox=\"0 0 512 512\" xmlns=\"http:\/\/www.w3.org\/2000\/svg\"><path d=\"M173.898 439.404l-166.4-166.4c-9.997-9.997-9.997-26.206 0-36.204l36.203-36.204c9.997-9.998 26.207-9.998 36.204 0L192 312.69 432.095 72.596c9.997-9.997 26.207-9.997 36.204 0l36.203 36.204c9.997 9.997 9.997 26.206 0 36.204l-294.4 294.401c-9.998 9.997-26.207 9.997-36.204-.001z\"><\/path><\/svg>\t\t\t\t\t\t<\/span>\n\t\t\t\t\t\t\t\t\t\t<span class=\"elementor-icon-list-text\">BSAA Running<\/span>\n\t\t\t\t\t\t\t\t\t\t\t<\/a>\n\t\t\t\t\t\t\t\t\t<\/li>\n\t\t\t\t\t\t\t\t<li class=\"elementor-icon-list-item\">\n\t\t\t\t\t\t\t\t\t\t\t<a href=\"https:\/\/homol.svarmodigital.net.br\/bsaa\/capacita\/\">\n\n\t\t\t\t\t\t\t\t\t\t\t\t<span class=\"elementor-icon-list-icon\">\n\t\t\t\t\t\t\t<svg aria-hidden=\"true\" class=\"e-font-icon-svg e-fas-check\" viewBox=\"0 0 512 512\" xmlns=\"http:\/\/www.w3.org\/2000\/svg\"><path d=\"M173.898 439.404l-166.4-166.4c-9.997-9.997-9.997-26.206 0-36.204l36.203-36.204c9.997-9.998 26.207-9.998 36.204 0L192 312.69 432.095 72.596c9.997-9.997 26.207-9.997 36.204 0l36.203 36.204c9.997 9.997 9.997 26.206 0 36.204l-294.4 294.401c-9.998 9.997-26.207 9.997-36.204-.001z\"><\/path><\/svg>\t\t\t\t\t\t<\/span>\n\t\t\t\t\t\t\t\t\t\t<span class=\"elementor-icon-list-text\">Capacita<\/span>\n\t\t\t\t\t\t\t\t\t\t\t<\/a>\n\t\t\t\t\t\t\t\t\t<\/li>\n\t\t\t\t\t\t<\/ul>\n\t\t\t\t\t\t<\/div>\n\t\t\t\t<\/div>\n\t\t\t\t\t<\/div>\n\t\t<\/div>\n\t\t\t\t\t<\/div>\n\t\t<\/section>\n\t\t\t\t\t<\/div>\n\t\t<\/div>\n\t\t\t\t\t<\/div>\n\t\t<\/section>\n\t\t\t\t<\/div>\n\t\t","protected":false},"excerpt":{"rendered":"<p>Capacita O programa de aprimoramento da nossa equipe do BSAA, intitulado Capacita, ocorre \u00e0s sextas-feiras. Nele, tratamos de teses jur\u00eddicas, trocamos experi\u00eancias, trazemos especialistas de fora, falamos de livros que gostamos de ler e muito mais. Na ocasi\u00e3o das fotos, aproveitamos para falar com os novos colaboradores sobre Compliance, Lei Geral de Prote\u00e7\u00e3o de Dados [&hellip;]<\/p>\n","protected":false},"author":1,"featured_media":0,"parent":0,"menu_order":0,"comment_status":"closed","ping_status":"closed","template":"elementor_header_footer","meta":{"footnotes":""},"class_list":["post-371","page","type-page","status-publish","hentry"],"yoast_head":"<!-- This site is optimized with the Yoast SEO plugin v26.0 - https:\/\/yoast.com\/wordpress\/plugins\/seo\/ -->\n<title>Capacita - Barbosa de S\u00e1 &amp; Alencastro<\/title>\n<meta name=\"robots\" content=\"index, follow, max-snippet:-1, max-image-preview:large, max-video-preview:-1\" \/>\n<link rel=\"canonical\" href=\"https:\/\/homol.svarmodigital.net.br\/bsaa\/capacita\/\" \/>\n<meta property=\"og:locale\" content=\"pt_BR\" \/>\n<meta property=\"og:type\" content=\"article\" \/>\n<meta property=\"og:title\" content=\"Capacita - Barbosa de S\u00e1 &amp; Alencastro\" \/>\n<meta property=\"og:description\" content=\"Capacita O programa de aprimoramento da nossa equipe do BSAA, intitulado Capacita, ocorre \u00e0s sextas-feiras. Nele, tratamos de teses jur\u00eddicas, trocamos experi\u00eancias, trazemos especialistas de fora, falamos de livros que gostamos de ler e muito mais. Na ocasi\u00e3o das fotos, aproveitamos para falar com os novos colaboradores sobre Compliance, Lei Geral de Prote\u00e7\u00e3o de Dados [&hellip;]\" \/>\n<meta property=\"og:url\" content=\"https:\/\/homol.svarmodigital.net.br\/bsaa\/capacita\/\" \/>\n<meta property=\"og:site_name\" content=\"Barbosa de S\u00e1 &amp; Alencastro\" \/>\n<meta property=\"article:modified_time\" content=\"2025-05-26T20:49:26+00:00\" \/>\n<meta property=\"og:image\" content=\"https:\/\/homol.svarmodigital.net.br\/bsaa\/wp-content\/uploads\/2025\/05\/img-capacita.jpg\" \/>\n<meta name=\"twitter:card\" content=\"summary_large_image\" \/>\n<meta name=\"twitter:label1\" content=\"Est. tempo de leitura\" \/>\n\t<meta name=\"twitter:data1\" content=\"1 minuto\" \/>\n<script type=\"application\/ld+json\" class=\"yoast-schema-graph\">{\"@context\":\"https:\/\/schema.org\",\"@graph\":[{\"@type\":\"WebPage\",\"@id\":\"https:\/\/homol.svarmodigital.net.br\/bsaa\/capacita\/\",\"url\":\"https:\/\/homol.svarmodigital.net.br\/bsaa\/capacita\/\",\"name\":\"Capacita - Barbosa de S\u00e1 &amp; Alencastro\",\"isPartOf\":{\"@id\":\"https:\/\/homol.svarmodigital.net.br\/bsaa\/#website\"},\"primaryImageOfPage\":{\"@id\":\"https:\/\/homol.svarmodigital.net.br\/bsaa\/capacita\/#primaryimage\"},\"image\":{\"@id\":\"https:\/\/homol.svarmodigital.net.br\/bsaa\/capacita\/#primaryimage\"},\"thumbnailUrl\":\"https:\/\/homol.svarmodigital.net.br\/bsaa\/wp-content\/uploads\/2025\/05\/img-capacita.jpg\",\"datePublished\":\"2025-05-26T20:45:45+00:00\",\"dateModified\":\"2025-05-26T20:49:26+00:00\",\"breadcrumb\":{\"@id\":\"https:\/\/homol.svarmodigital.net.br\/bsaa\/capacita\/#breadcrumb\"},\"inLanguage\":\"pt-BR\",\"potentialAction\":[{\"@type\":\"ReadAction\",\"target\":[\"https:\/\/homol.svarmodigital.net.br\/bsaa\/capacita\/\"]}]},{\"@type\":\"ImageObject\",\"inLanguage\":\"pt-BR\",\"@id\":\"https:\/\/homol.svarmodigital.net.br\/bsaa\/capacita\/#primaryimage\",\"url\":\"https:\/\/homol.svarmodigital.net.br\/bsaa\/wp-content\/uploads\/2025\/05\/img-capacita.jpg\",\"contentUrl\":\"https:\/\/homol.svarmodigital.net.br\/bsaa\/wp-content\/uploads\/2025\/05\/img-capacita.jpg\",\"width\":768,\"height\":581},{\"@type\":\"BreadcrumbList\",\"@id\":\"https:\/\/homol.svarmodigital.net.br\/bsaa\/capacita\/#breadcrumb\",\"itemListElement\":[{\"@type\":\"ListItem\",\"position\":1,\"name\":\"In\u00edcio\",\"item\":\"https:\/\/homol.svarmodigital.net.br\/bsaa\/\"},{\"@type\":\"ListItem\",\"position\":2,\"name\":\"Capacita\"}]},{\"@type\":\"WebSite\",\"@id\":\"https:\/\/homol.svarmodigital.net.br\/bsaa\/#website\",\"url\":\"https:\/\/homol.svarmodigital.net.br\/bsaa\/\",\"name\":\"Barbosa de S\u00e1 &amp; Alencastro\",\"description\":\"Advogados Associados\",\"potentialAction\":[{\"@type\":\"SearchAction\",\"target\":{\"@type\":\"EntryPoint\",\"urlTemplate\":\"https:\/\/homol.svarmodigital.net.br\/bsaa\/?s={search_term_string}\"},\"query-input\":{\"@type\":\"PropertyValueSpecification\",\"valueRequired\":true,\"valueName\":\"search_term_string\"}}],\"inLanguage\":\"pt-BR\"}]}<\/script>\n<!-- \/ Yoast SEO plugin. -->","yoast_head_json":{"title":"Capacita - Barbosa de S\u00e1 &amp; Alencastro","robots":{"index":"index","follow":"follow","max-snippet":"max-snippet:-1","max-image-preview":"max-image-preview:large","max-video-preview":"max-video-preview:-1"},"canonical":"https:\/\/homol.svarmodigital.net.br\/bsaa\/capacita\/","og_locale":"pt_BR","og_type":"article","og_title":"Capacita - Barbosa de S\u00e1 &amp; Alencastro","og_description":"Capacita O programa de aprimoramento da nossa equipe do BSAA, intitulado Capacita, ocorre \u00e0s sextas-feiras. Nele, tratamos de teses jur\u00eddicas, trocamos experi\u00eancias, trazemos especialistas de fora, falamos de livros que gostamos de ler e muito mais. Na ocasi\u00e3o das fotos, aproveitamos para falar com os novos colaboradores sobre Compliance, Lei Geral de Prote\u00e7\u00e3o de Dados [&hellip;]","og_url":"https:\/\/homol.svarmodigital.net.br\/bsaa\/capacita\/","og_site_name":"Barbosa de S\u00e1 &amp; Alencastro","article_modified_time":"2025-05-26T20:49:26+00:00","og_image":[{"url":"https:\/\/homol.svarmodigital.net.br\/bsaa\/wp-content\/uploads\/2025\/05\/img-capacita.jpg","type":"","width":"","height":""}],"twitter_card":"summary_large_image","twitter_misc":{"Est. tempo de leitura":"1 minuto"},"schema":{"@context":"https:\/\/schema.org","@graph":[{"@type":"WebPage","@id":"https:\/\/homol.svarmodigital.net.br\/bsaa\/capacita\/","url":"https:\/\/homol.svarmodigital.net.br\/bsaa\/capacita\/","name":"Capacita - Barbosa de S\u00e1 &amp; Alencastro","isPartOf":{"@id":"https:\/\/homol.svarmodigital.net.br\/bsaa\/#website"},"primaryImageOfPage":{"@id":"https:\/\/homol.svarmodigital.net.br\/bsaa\/capacita\/#primaryimage"},"image":{"@id":"https:\/\/homol.svarmodigital.net.br\/bsaa\/capacita\/#primaryimage"},"thumbnailUrl":"https:\/\/homol.svarmodigital.net.br\/bsaa\/wp-content\/uploads\/2025\/05\/img-capacita.jpg","datePublished":"2025-05-26T20:45:45+00:00","dateModified":"2025-05-26T20:49:26+00:00","breadcrumb":{"@id":"https:\/\/homol.svarmodigital.net.br\/bsaa\/capacita\/#breadcrumb"},"inLanguage":"pt-BR","potentialAction":[{"@type":"ReadAction","target":["https:\/\/homol.svarmodigital.net.br\/bsaa\/capacita\/"]}]},{"@type":"ImageObject","inLanguage":"pt-BR","@id":"https:\/\/homol.svarmodigital.net.br\/bsaa\/capacita\/#primaryimage","url":"https:\/\/homol.svarmodigital.net.br\/bsaa\/wp-content\/uploads\/2025\/05\/img-capacita.jpg","contentUrl":"https:\/\/homol.svarmodigital.net.br\/bsaa\/wp-content\/uploads\/2025\/05\/img-capacita.jpg","width":768,"height":581},{"@type":"BreadcrumbList","@id":"https:\/\/homol.svarmodigital.net.br\/bsaa\/capacita\/#breadcrumb","itemListElement":[{"@type":"ListItem","position":1,"name":"In\u00edcio","item":"https:\/\/homol.svarmodigital.net.br\/bsaa\/"},{"@type":"ListItem","position":2,"name":"Capacita"}]},{"@type":"WebSite","@id":"https:\/\/homol.svarmodigital.net.br\/bsaa\/#website","url":"https:\/\/homol.svarmodigital.net.br\/bsaa\/","name":"Barbosa de S\u00e1 &amp; Alencastro","description":"Advogados Associados","potentialAction":[{"@type":"SearchAction","target":{"@type":"EntryPoint","urlTemplate":"https:\/\/homol.svarmodigital.net.br\/bsaa\/?s={search_term_string}"},"query-input":{"@type":"PropertyValueSpecification","valueRequired":true,"valueName":"search_term_string"}}],"inLanguage":"pt-BR"}]}},"_links":{"self":[{"href":"https:\/\/homol.svarmodigital.net.br\/bsaa\/wp-json\/wp\/v2\/pages\/371","targetHints":{"allow":["GET"]}}],"collection":[{"href":"https:\/\/homol.svarmodigital.net.br\/bsaa\/wp-json\/wp\/v2\/pages"}],"about":[{"href":"https:\/\/homol.svarmodigital.net.br\/bsaa\/wp-json\/wp\/v2\/types\/page"}],"author":[{"embeddable":true,"href":"https:\/\/homol.svarmodigital.net.br\/bsaa\/wp-json\/wp\/v2\/users\/1"}],"replies":[{"embeddable":true,"href":"https:\/\/homol.svarmodigital.net.br\/bsaa\/wp-json\/wp\/v2\/comments?post=371"}],"version-history":[{"count":7,"href":"https:\/\/homol.svarmodigital.net.br\/bsaa\/wp-json\/wp\/v2\/pages\/371\/revisions"}],"predecessor-version":[{"id":387,"href":"https:\/\/homol.svarmodigital.net.br\/bsaa\/wp-json\/wp\/v2\/pages\/371\/revisions\/387"}],"wp:attachment":[{"href":"https:\/\/homol.svarmodigital.net.br\/bsaa\/wp-json\/wp\/v2\/media?parent=371"}],"curies":[{"name":"wp","href":"https:\/\/api.w.org\/{rel}","templated":true}]}}