{"id":251,"date":"2025-05-26T19:55:27","date_gmt":"2025-05-26T19:55:27","guid":{"rendered":"https:\/\/homol.svarmodigital.net.br\/bsaa\/?page_id=251"},"modified":"2025-07-15T13:49:33","modified_gmt":"2025-07-15T13:49:33","slug":"compliance","status":"publish","type":"page","link":"https:\/\/homol.svarmodigital.net.br\/bsaa\/compliance\/","title":{"rendered":"Compliance e LGPD"},"content":{"rendered":"\t\t<div data-elementor-type=\"wp-page\" data-elementor-id=\"251\" class=\"elementor elementor-251\" data-elementor-post-type=\"page\">\n\t\t\t\t\t\t<section class=\"elementor-section elementor-top-section elementor-element elementor-element-7a2d593 elementor-section-boxed elementor-section-height-default elementor-section-height-default\" data-id=\"7a2d593\" data-element_type=\"section\" data-settings=\"{&quot;background_background&quot;:&quot;classic&quot;}\">\n\t\t\t\t\t\t<div class=\"elementor-container elementor-column-gap-default\">\n\t\t\t\t\t<div class=\"elementor-column elementor-col-100 elementor-top-column elementor-element elementor-element-98424ee\" data-id=\"98424ee\" data-element_type=\"column\">\n\t\t\t<div class=\"elementor-widget-wrap elementor-element-populated\">\n\t\t\t\t\t\t<div class=\"elementor-element elementor-element-18fa5d3 elementor-widget elementor-widget-heading\" data-id=\"18fa5d3\" data-element_type=\"widget\" data-widget_type=\"heading.default\">\n\t\t\t\t<div class=\"elementor-widget-container\">\n\t\t\t\t\t<h2 class=\"elementor-heading-title elementor-size-default\">Programa de Compliance e LGPD<\/h2>\t\t\t\t<\/div>\n\t\t\t\t<\/div>\n\t\t\t\t<div class=\"elementor-element elementor-element-74c5242 elementor-align-center elementor-widget elementor-widget-breadcrumbs\" data-id=\"74c5242\" data-element_type=\"widget\" data-widget_type=\"breadcrumbs.default\">\n\t\t\t\t<div class=\"elementor-widget-container\">\n\t\t\t\t\t<p id=\"breadcrumbs\"><span><span><a href=\"https:\/\/homol.svarmodigital.net.br\/bsaa\/\">In\u00edcio<\/a><\/span><\/span><\/p>\t\t\t\t<\/div>\n\t\t\t\t<\/div>\n\t\t\t\t\t<\/div>\n\t\t<\/div>\n\t\t\t\t\t<\/div>\n\t\t<\/section>\n\t\t\t\t<section class=\"elementor-section elementor-top-section elementor-element elementor-element-eb81c5f elementor-section-boxed elementor-section-height-default elementor-section-height-default\" data-id=\"eb81c5f\" data-element_type=\"section\" data-settings=\"{&quot;background_background&quot;:&quot;classic&quot;}\">\n\t\t\t\t\t\t<div class=\"elementor-container elementor-column-gap-default\">\n\t\t\t\t\t<div class=\"elementor-column elementor-col-100 elementor-top-column elementor-element elementor-element-a3dd915\" data-id=\"a3dd915\" data-element_type=\"column\">\n\t\t\t<div class=\"elementor-widget-wrap elementor-element-populated\">\n\t\t\t\t\t\t<div class=\"elementor-element elementor-element-ef35bf4 elementor-widget elementor-widget-text-editor\" data-id=\"ef35bf4\" data-element_type=\"widget\" data-widget_type=\"text-editor.default\">\n\t\t\t\t<div class=\"elementor-widget-container\">\n\t\t\t\t\t\t\t\t\t<p>N\u00f3s, do <strong>Escrit\u00f3rio Barbosa de S\u00e1 &amp; Alencastro Advogados Associados<\/strong> encaramos temas como \u00e9tica e integridade de forma s\u00e9ria e comprometida. Sabemos que n\u00e3o adianta cobrar uma postura \u00edntegra das autoridades se, dentro de casa, n\u00e3o fazemos o mesmo.<\/p><p>Por isso, n\u00f3s que j\u00e1 temos um Programa de Integridade e Conformidade h\u00e1 algum tempo, optamos por torn\u00e1-lo p\u00fablico em nosso site como forma de contribuir ainda mais com a dissemina\u00e7\u00e3o da cultura da integridade em nosso pa\u00eds. Com isso, estamos fazendo a nossa parte e tentando inspirar outros a fazerem o mesmo.<\/p><p>Leia aqui a \u00edntegra do Manual de Conduta \u00c9tica, que faz parte do nosso Programa de Integridade e Conformidade, e traz nosso compromisso com uma atua\u00e7\u00e3o \u00e9tica e nosso cuidado com a prote\u00e7\u00e3o de dados pessoais de todas as partes com as quais nos relacionamos. O referido manual aplica-se a todos os colaboradores de forma indiscriminada, fornecedores e prestadores de servi\u00e7o.<\/p>\t\t\t\t\t\t\t\t<\/div>\n\t\t\t\t<\/div>\n\t\t\t\t<div class=\"elementor-element elementor-element-38123bf elementor-widget elementor-widget-button\" data-id=\"38123bf\" data-element_type=\"widget\" data-widget_type=\"button.default\">\n\t\t\t\t<div class=\"elementor-widget-container\">\n\t\t\t\t\t\t\t\t\t<div class=\"elementor-button-wrapper\">\n\t\t\t\t\t<a class=\"elementor-button elementor-button-link elementor-size-sm\" href=\"https:\/\/homol.svarmodigital.net.br\/bsaa\/wp-content\/uploads\/2025\/05\/Codigo_Conduta_Etica_BSAA.pdf\" target=\"_blank\">\n\t\t\t\t\t\t<span class=\"elementor-button-content-wrapper\">\n\t\t\t\t\t\t\t\t\t<span class=\"elementor-button-text\">Link para o Manual de Conduta \u00c9tica<\/span>\n\t\t\t\t\t<\/span>\n\t\t\t\t\t<\/a>\n\t\t\t\t<\/div>\n\t\t\t\t\t\t\t\t<\/div>\n\t\t\t\t<\/div>\n\t\t\t\t<div class=\"elementor-element elementor-element-f2709af elementor-widget elementor-widget-text-editor\" data-id=\"f2709af\" data-element_type=\"widget\" data-widget_type=\"text-editor.default\">\n\t\t\t\t<div class=\"elementor-widget-container\">\n\t\t\t\t\t\t\t\t\t<p style=\"font-weight: 300;\">Caso voc\u00ea saiba de alguma conduta desconforme por parte de algum de nossos colaboradores, fornecedores ou prestadores de servi\u00e7o, denuncie!<\/p><p><span style=\"font-weight: 300;\">N\u00e3o \u00e9 preciso se identificar.<br \/>Se preferir fa\u00e7a sua den\u00fancia <\/span><a href=\"https:\/\/form.jotform.com\/222344331337044\"><b>AQUI<\/b> <\/a>em nosso formul\u00e1rio com toda rapidez e seguran\u00e7a. Ela poder\u00e1 ser feita de forma an\u00f4nima.<\/p><p style=\"font-weight: 300;\">As den\u00fancias recebidas s\u00e3o direcionadas ao nosso Setor de\u00a0<em>Compliance<\/em>:<\/p><p style=\"font-weight: 300;\">\u00a0\u00a0\u00a0\u00a0Lilian Pelliccione Gon\u00e7alves \u2013\u00a0<em>Compliance Officer e Data Protection Officer (DPO)<\/em><\/p><p style=\"font-weight: 300;\">\u00a0\u00a0\u00a0\u00a0Telefone (61) 99965-9153 ou (61) 3034-0660<\/p><p style=\"font-weight: 300;\">\u00a0\u00a0\u00a0\u00a0E-mail:\u00a0<a href=\"https:\/\/web.archive.org\/web\/20230402074645\/mailto:compliance@bsaa.adv.br\">compliance@bsaa.adv.br<\/a><\/p>\t\t\t\t\t\t\t\t<\/div>\n\t\t\t\t<\/div>\n\t\t\t\t\t<\/div>\n\t\t<\/div>\n\t\t\t\t\t<\/div>\n\t\t<\/section>\n\t\t\t\t<\/div>\n\t\t","protected":false},"excerpt":{"rendered":"<p>Programa de Compliance e LGPD N\u00f3s, do Escrit\u00f3rio Barbosa de S\u00e1 &amp; Alencastro Advogados Associados encaramos temas como \u00e9tica e integridade de forma s\u00e9ria e comprometida. Sabemos que n\u00e3o adianta cobrar uma postura \u00edntegra das autoridades se, dentro de casa, n\u00e3o fazemos o mesmo. Por isso, n\u00f3s que j\u00e1 temos um Programa de Integridade e [&hellip;]<\/p>\n","protected":false},"author":1,"featured_media":0,"parent":0,"menu_order":0,"comment_status":"closed","ping_status":"closed","template":"elementor_header_footer","meta":{"footnotes":""},"class_list":["post-251","page","type-page","status-publish","hentry"],"yoast_head":"<!-- This site is optimized with the Yoast SEO plugin v26.0 - https:\/\/yoast.com\/wordpress\/plugins\/seo\/ -->\n<title>Compliance e LGPD - Barbosa de S\u00e1 &amp; Alencastro<\/title>\n<meta name=\"robots\" content=\"index, follow, max-snippet:-1, max-image-preview:large, max-video-preview:-1\" \/>\n<link rel=\"canonical\" href=\"https:\/\/homol.svarmodigital.net.br\/bsaa\/compliance\/\" \/>\n<meta property=\"og:locale\" content=\"pt_BR\" \/>\n<meta property=\"og:type\" content=\"article\" \/>\n<meta property=\"og:title\" content=\"Compliance e LGPD - Barbosa de S\u00e1 &amp; Alencastro\" \/>\n<meta property=\"og:description\" content=\"Programa de Compliance e LGPD N\u00f3s, do Escrit\u00f3rio Barbosa de S\u00e1 &amp; Alencastro Advogados Associados encaramos temas como \u00e9tica e integridade de forma s\u00e9ria e comprometida. Sabemos que n\u00e3o adianta cobrar uma postura \u00edntegra das autoridades se, dentro de casa, n\u00e3o fazemos o mesmo. Por isso, n\u00f3s que j\u00e1 temos um Programa de Integridade e [&hellip;]\" \/>\n<meta property=\"og:url\" content=\"https:\/\/homol.svarmodigital.net.br\/bsaa\/compliance\/\" \/>\n<meta property=\"og:site_name\" content=\"Barbosa de S\u00e1 &amp; Alencastro\" \/>\n<meta property=\"article:modified_time\" content=\"2025-07-15T13:49:33+00:00\" \/>\n<meta name=\"twitter:card\" content=\"summary_large_image\" \/>\n<meta name=\"twitter:label1\" content=\"Est. tempo de leitura\" \/>\n\t<meta name=\"twitter:data1\" content=\"2 minutos\" \/>\n<script type=\"application\/ld+json\" class=\"yoast-schema-graph\">{\"@context\":\"https:\/\/schema.org\",\"@graph\":[{\"@type\":\"WebPage\",\"@id\":\"https:\/\/homol.svarmodigital.net.br\/bsaa\/compliance\/\",\"url\":\"https:\/\/homol.svarmodigital.net.br\/bsaa\/compliance\/\",\"name\":\"Compliance e LGPD - Barbosa de S\u00e1 &amp; Alencastro\",\"isPartOf\":{\"@id\":\"https:\/\/homol.svarmodigital.net.br\/bsaa\/#website\"},\"datePublished\":\"2025-05-26T19:55:27+00:00\",\"dateModified\":\"2025-07-15T13:49:33+00:00\",\"breadcrumb\":{\"@id\":\"https:\/\/homol.svarmodigital.net.br\/bsaa\/compliance\/#breadcrumb\"},\"inLanguage\":\"pt-BR\",\"potentialAction\":[{\"@type\":\"ReadAction\",\"target\":[\"https:\/\/homol.svarmodigital.net.br\/bsaa\/compliance\/\"]}]},{\"@type\":\"BreadcrumbList\",\"@id\":\"https:\/\/homol.svarmodigital.net.br\/bsaa\/compliance\/#breadcrumb\",\"itemListElement\":[{\"@type\":\"ListItem\",\"position\":1,\"name\":\"In\u00edcio\",\"item\":\"https:\/\/homol.svarmodigital.net.br\/bsaa\/\"},{\"@type\":\"ListItem\",\"position\":2,\"name\":\"Compliance e LGPD\"}]},{\"@type\":\"WebSite\",\"@id\":\"https:\/\/homol.svarmodigital.net.br\/bsaa\/#website\",\"url\":\"https:\/\/homol.svarmodigital.net.br\/bsaa\/\",\"name\":\"Barbosa de S\u00e1 &amp; Alencastro\",\"description\":\"Advogados Associados\",\"potentialAction\":[{\"@type\":\"SearchAction\",\"target\":{\"@type\":\"EntryPoint\",\"urlTemplate\":\"https:\/\/homol.svarmodigital.net.br\/bsaa\/?s={search_term_string}\"},\"query-input\":{\"@type\":\"PropertyValueSpecification\",\"valueRequired\":true,\"valueName\":\"search_term_string\"}}],\"inLanguage\":\"pt-BR\"}]}<\/script>\n<!-- \/ Yoast SEO plugin. -->","yoast_head_json":{"title":"Compliance e LGPD - Barbosa de S\u00e1 &amp; Alencastro","robots":{"index":"index","follow":"follow","max-snippet":"max-snippet:-1","max-image-preview":"max-image-preview:large","max-video-preview":"max-video-preview:-1"},"canonical":"https:\/\/homol.svarmodigital.net.br\/bsaa\/compliance\/","og_locale":"pt_BR","og_type":"article","og_title":"Compliance e LGPD - Barbosa de S\u00e1 &amp; Alencastro","og_description":"Programa de Compliance e LGPD N\u00f3s, do Escrit\u00f3rio Barbosa de S\u00e1 &amp; Alencastro Advogados Associados encaramos temas como \u00e9tica e integridade de forma s\u00e9ria e comprometida. Sabemos que n\u00e3o adianta cobrar uma postura \u00edntegra das autoridades se, dentro de casa, n\u00e3o fazemos o mesmo. Por isso, n\u00f3s que j\u00e1 temos um Programa de Integridade e [&hellip;]","og_url":"https:\/\/homol.svarmodigital.net.br\/bsaa\/compliance\/","og_site_name":"Barbosa de S\u00e1 &amp; Alencastro","article_modified_time":"2025-07-15T13:49:33+00:00","twitter_card":"summary_large_image","twitter_misc":{"Est. tempo de leitura":"2 minutos"},"schema":{"@context":"https:\/\/schema.org","@graph":[{"@type":"WebPage","@id":"https:\/\/homol.svarmodigital.net.br\/bsaa\/compliance\/","url":"https:\/\/homol.svarmodigital.net.br\/bsaa\/compliance\/","name":"Compliance e LGPD - Barbosa de S\u00e1 &amp; Alencastro","isPartOf":{"@id":"https:\/\/homol.svarmodigital.net.br\/bsaa\/#website"},"datePublished":"2025-05-26T19:55:27+00:00","dateModified":"2025-07-15T13:49:33+00:00","breadcrumb":{"@id":"https:\/\/homol.svarmodigital.net.br\/bsaa\/compliance\/#breadcrumb"},"inLanguage":"pt-BR","potentialAction":[{"@type":"ReadAction","target":["https:\/\/homol.svarmodigital.net.br\/bsaa\/compliance\/"]}]},{"@type":"BreadcrumbList","@id":"https:\/\/homol.svarmodigital.net.br\/bsaa\/compliance\/#breadcrumb","itemListElement":[{"@type":"ListItem","position":1,"name":"In\u00edcio","item":"https:\/\/homol.svarmodigital.net.br\/bsaa\/"},{"@type":"ListItem","position":2,"name":"Compliance e LGPD"}]},{"@type":"WebSite","@id":"https:\/\/homol.svarmodigital.net.br\/bsaa\/#website","url":"https:\/\/homol.svarmodigital.net.br\/bsaa\/","name":"Barbosa de S\u00e1 &amp; Alencastro","description":"Advogados Associados","potentialAction":[{"@type":"SearchAction","target":{"@type":"EntryPoint","urlTemplate":"https:\/\/homol.svarmodigital.net.br\/bsaa\/?s={search_term_string}"},"query-input":{"@type":"PropertyValueSpecification","valueRequired":true,"valueName":"search_term_string"}}],"inLanguage":"pt-BR"}]}},"_links":{"self":[{"href":"https:\/\/homol.svarmodigital.net.br\/bsaa\/wp-json\/wp\/v2\/pages\/251","targetHints":{"allow":["GET"]}}],"collection":[{"href":"https:\/\/homol.svarmodigital.net.br\/bsaa\/wp-json\/wp\/v2\/pages"}],"about":[{"href":"https:\/\/homol.svarmodigital.net.br\/bsaa\/wp-json\/wp\/v2\/types\/page"}],"author":[{"embeddable":true,"href":"https:\/\/homol.svarmodigital.net.br\/bsaa\/wp-json\/wp\/v2\/users\/1"}],"replies":[{"embeddable":true,"href":"https:\/\/homol.svarmodigital.net.br\/bsaa\/wp-json\/wp\/v2\/comments?post=251"}],"version-history":[{"count":10,"href":"https:\/\/homol.svarmodigital.net.br\/bsaa\/wp-json\/wp\/v2\/pages\/251\/revisions"}],"predecessor-version":[{"id":482,"href":"https:\/\/homol.svarmodigital.net.br\/bsaa\/wp-json\/wp\/v2\/pages\/251\/revisions\/482"}],"wp:attachment":[{"href":"https:\/\/homol.svarmodigital.net.br\/bsaa\/wp-json\/wp\/v2\/media?parent=251"}],"curies":[{"name":"wp","href":"https:\/\/api.w.org\/{rel}","templated":true}]}}