{"id":240,"date":"2025-05-26T19:50:18","date_gmt":"2025-05-26T19:50:18","guid":{"rendered":"https:\/\/homol.svarmodigital.net.br\/bsaa\/?page_id=240"},"modified":"2025-05-26T20:49:22","modified_gmt":"2025-05-26T20:49:22","slug":"saude-o-melhor-dos-investimentos","status":"publish","type":"page","link":"https:\/\/homol.svarmodigital.net.br\/bsaa\/saude-o-melhor-dos-investimentos\/","title":{"rendered":"BSAA Running"},"content":{"rendered":"\t\t<div data-elementor-type=\"wp-page\" data-elementor-id=\"240\" class=\"elementor elementor-240\" data-elementor-post-type=\"page\">\n\t\t\t\t\t\t<section class=\"elementor-section elementor-top-section elementor-element elementor-element-7a2d593 elementor-section-boxed elementor-section-height-default elementor-section-height-default\" data-id=\"7a2d593\" data-element_type=\"section\" data-settings=\"{&quot;background_background&quot;:&quot;classic&quot;}\">\n\t\t\t\t\t\t<div class=\"elementor-container elementor-column-gap-default\">\n\t\t\t\t\t<div class=\"elementor-column elementor-col-100 elementor-top-column elementor-element elementor-element-98424ee\" data-id=\"98424ee\" data-element_type=\"column\">\n\t\t\t<div class=\"elementor-widget-wrap elementor-element-populated\">\n\t\t\t\t\t\t<div class=\"elementor-element elementor-element-18fa5d3 elementor-widget elementor-widget-heading\" data-id=\"18fa5d3\" data-element_type=\"widget\" data-widget_type=\"heading.default\">\n\t\t\t\t<div class=\"elementor-widget-container\">\n\t\t\t\t\t<h2 class=\"elementor-heading-title elementor-size-default\">BSAA Running<\/h2>\t\t\t\t<\/div>\n\t\t\t\t<\/div>\n\t\t\t\t<div class=\"elementor-element elementor-element-74c5242 elementor-align-center elementor-widget elementor-widget-breadcrumbs\" data-id=\"74c5242\" data-element_type=\"widget\" data-widget_type=\"breadcrumbs.default\">\n\t\t\t\t<div class=\"elementor-widget-container\">\n\t\t\t\t\t<p id=\"breadcrumbs\"><span><span><a href=\"https:\/\/homol.svarmodigital.net.br\/bsaa\/\">In\u00edcio<\/a><\/span><\/span><\/p>\t\t\t\t<\/div>\n\t\t\t\t<\/div>\n\t\t\t\t\t<\/div>\n\t\t<\/div>\n\t\t\t\t\t<\/div>\n\t\t<\/section>\n\t\t\t\t<section class=\"elementor-section elementor-top-section elementor-element elementor-element-a3582c8 elementor-section-boxed elementor-section-height-default elementor-section-height-default\" data-id=\"a3582c8\" data-element_type=\"section\" data-settings=\"{&quot;background_background&quot;:&quot;classic&quot;}\">\n\t\t\t\t\t\t<div class=\"elementor-container elementor-column-gap-default\">\n\t\t\t\t\t<div class=\"elementor-column elementor-col-50 elementor-top-column elementor-element elementor-element-81f2945\" data-id=\"81f2945\" data-element_type=\"column\">\n\t\t\t<div class=\"elementor-widget-wrap elementor-element-populated\">\n\t\t\t\t\t\t<div class=\"elementor-element elementor-element-42e1c30 elementor-widget elementor-widget-image\" data-id=\"42e1c30\" data-element_type=\"widget\" data-widget_type=\"image.default\">\n\t\t\t\t<div class=\"elementor-widget-container\">\n\t\t\t\t\t\t\t\t\t\t\t\t\t\t\t<img fetchpriority=\"high\" decoding=\"async\" width=\"800\" height=\"498\" src=\"https:\/\/homol.svarmodigital.net.br\/bsaa\/wp-content\/uploads\/2025\/05\/img-saude-1024x637.jpg\" class=\"attachment-large size-large wp-image-242\" alt=\"\" srcset=\"https:\/\/homol.svarmodigital.net.br\/bsaa\/wp-content\/uploads\/2025\/05\/img-saude-1024x637.jpg 1024w, https:\/\/homol.svarmodigital.net.br\/bsaa\/wp-content\/uploads\/2025\/05\/img-saude-300x187.jpg 300w, https:\/\/homol.svarmodigital.net.br\/bsaa\/wp-content\/uploads\/2025\/05\/img-saude-768x478.jpg 768w, https:\/\/homol.svarmodigital.net.br\/bsaa\/wp-content\/uploads\/2025\/05\/img-saude.jpg 1214w\" sizes=\"(max-width: 800px) 100vw, 800px\" \/>\t\t\t\t\t\t\t\t\t\t\t\t\t\t\t<\/div>\n\t\t\t\t<\/div>\n\t\t\t\t<div class=\"elementor-element elementor-element-a9611a4 elementor-widget elementor-widget-text-editor\" data-id=\"a9611a4\" data-element_type=\"widget\" data-widget_type=\"text-editor.default\">\n\t\t\t\t<div class=\"elementor-widget-container\">\n\t\t\t\t\t\t\t\t\t<p><b>A pr\u00e1tica de exerc\u00edcios f\u00edsicos regulares protege a sa\u00fade e torna a todos mais saud\u00e1veis e felizes<\/b><\/p><p>A sociedade do imediatismo est\u00e1 a pleno vapor. Tudo \u00e9 pra ontem, tudo \u00e9 urgente!<\/p><p>Prazos, peti\u00e7\u00f5es, reuni\u00f5es&#8230; mais peti\u00e7\u00f5es, mais prazos, mais reuni\u00f5es&#8230; e assim a rotina de urg\u00eancias e compromissos profissionais vai engolindo o dia a dia das pessoas. E o n\u00edvel de estresse se mostra cada vez mais alto, pondo em risco a qualidade de vida dos profissionais.<\/p><p>De acordo com a OMS \u2013 Organiza\u00e7\u00e3o Mundial da Sa\u00fade, qualidade de vida \u00e9 um conceito baseado em tr\u00eas pilares: bem estar psicol\u00f3gico, f\u00edsico e social. Por isso \u00e9 essencial buscar o equil\u00edbrio entre esses fatores para n\u00e3o comprometer a sa\u00fade a m\u00e9dio e longo prazo.<\/p><p>Com o objetivo de promover a qualidade de vida, o Escrit\u00f3rio Barbosa de S\u00e1 &amp; Alencastro Advogados criou o\u00a0<b>BSAA Running<\/b>, uma iniciativa que visa incentivar a pr\u00e1tica da atividade f\u00edsica regular e a participa\u00e7\u00e3o dos colaboradores e seus familiares em corridas de rua.\u00a0<\/p><p>A equipe\u00a0<i>#<\/i><i>BSAArunning<\/i>\u00a0participou da\u00a0\u00faltima Night Run Bras\u00edlia, que reuniu mais de uma centena de pessoas, entre corredores da equipe, familiares, amigos e clientes.<\/p><p>Al\u00e9m dos benef\u00edcios de \u201csuar a camisa\u201d na corrida e do \u00a0entrosamento da equipe, o encontro celebrou os\u00a014 anos do Escrit\u00f3rio em uma noite agrad\u00e1vel, com muita energia, amizade e\u00a0bons momentos compartilhados.<\/p>\t\t\t\t\t\t\t\t<\/div>\n\t\t\t\t<\/div>\n\t\t\t\t\t<\/div>\n\t\t<\/div>\n\t\t\t\t<div class=\"elementor-column elementor-col-50 elementor-top-column elementor-element elementor-element-fd159f4\" data-id=\"fd159f4\" data-element_type=\"column\">\n\t\t\t<div class=\"elementor-widget-wrap elementor-element-populated\">\n\t\t\t\t\t\t<section class=\"elementor-section elementor-inner-section elementor-element elementor-element-762cf01 elementor-section-boxed elementor-section-height-default elementor-section-height-default\" data-id=\"762cf01\" data-element_type=\"section\" data-settings=\"{&quot;background_background&quot;:&quot;classic&quot;}\">\n\t\t\t\t\t\t<div class=\"elementor-container elementor-column-gap-default\">\n\t\t\t\t\t<div class=\"elementor-column elementor-col-100 elementor-inner-column elementor-element elementor-element-c461666\" data-id=\"c461666\" data-element_type=\"column\">\n\t\t\t<div class=\"elementor-widget-wrap elementor-element-populated\">\n\t\t\t\t\t\t<div class=\"elementor-element elementor-element-43d0856 elementor-widget elementor-widget-heading\" data-id=\"43d0856\" data-element_type=\"widget\" data-widget_type=\"heading.default\">\n\t\t\t\t<div class=\"elementor-widget-container\">\n\t\t\t\t\t<h2 class=\"elementor-heading-title elementor-size-default\">RESPONSABILIDADES<\/h2>\t\t\t\t<\/div>\n\t\t\t\t<\/div>\n\t\t\t\t<div class=\"elementor-element elementor-element-d598c57 elementor-icon-list--layout-traditional elementor-list-item-link-full_width elementor-widget elementor-widget-icon-list\" data-id=\"d598c57\" data-element_type=\"widget\" data-widget_type=\"icon-list.default\">\n\t\t\t\t<div class=\"elementor-widget-container\">\n\t\t\t\t\t\t\t<ul class=\"elementor-icon-list-items\">\n\t\t\t\t\t\t\t<li class=\"elementor-icon-list-item\">\n\t\t\t\t\t\t\t\t\t\t\t<a href=\"https:\/\/homol.svarmodigital.net.br\/bsaa\/bsaa-solidario\/\">\n\n\t\t\t\t\t\t\t\t\t\t\t\t<span class=\"elementor-icon-list-icon\">\n\t\t\t\t\t\t\t<svg aria-hidden=\"true\" class=\"e-font-icon-svg e-fas-check\" viewBox=\"0 0 512 512\" xmlns=\"http:\/\/www.w3.org\/2000\/svg\"><path d=\"M173.898 439.404l-166.4-166.4c-9.997-9.997-9.997-26.206 0-36.204l36.203-36.204c9.997-9.998 26.207-9.998 36.204 0L192 312.69 432.095 72.596c9.997-9.997 26.207-9.997 36.204 0l36.203 36.204c9.997 9.997 9.997 26.206 0 36.204l-294.4 294.401c-9.998 9.997-26.207 9.997-36.204-.001z\"><\/path><\/svg>\t\t\t\t\t\t<\/span>\n\t\t\t\t\t\t\t\t\t\t<span class=\"elementor-icon-list-text\">BSAA Solid\u00e1rio<\/span>\n\t\t\t\t\t\t\t\t\t\t\t<\/a>\n\t\t\t\t\t\t\t\t\t<\/li>\n\t\t\t\t\t\t\t\t<li class=\"elementor-icon-list-item\">\n\t\t\t\t\t\t\t\t\t\t\t<a href=\"https:\/\/homol.svarmodigital.net.br\/bsaa\/bsaa-running\/\">\n\n\t\t\t\t\t\t\t\t\t\t\t\t<span class=\"elementor-icon-list-icon\">\n\t\t\t\t\t\t\t<svg aria-hidden=\"true\" class=\"e-font-icon-svg e-fas-check\" viewBox=\"0 0 512 512\" xmlns=\"http:\/\/www.w3.org\/2000\/svg\"><path d=\"M173.898 439.404l-166.4-166.4c-9.997-9.997-9.997-26.206 0-36.204l36.203-36.204c9.997-9.998 26.207-9.998 36.204 0L192 312.69 432.095 72.596c9.997-9.997 26.207-9.997 36.204 0l36.203 36.204c9.997 9.997 9.997 26.206 0 36.204l-294.4 294.401c-9.998 9.997-26.207 9.997-36.204-.001z\"><\/path><\/svg>\t\t\t\t\t\t<\/span>\n\t\t\t\t\t\t\t\t\t\t<span class=\"elementor-icon-list-text\">BSAA Running<\/span>\n\t\t\t\t\t\t\t\t\t\t\t<\/a>\n\t\t\t\t\t\t\t\t\t<\/li>\n\t\t\t\t\t\t\t\t<li class=\"elementor-icon-list-item\">\n\t\t\t\t\t\t\t\t\t\t\t<a href=\"https:\/\/homol.svarmodigital.net.br\/bsaa\/capacita\/\">\n\n\t\t\t\t\t\t\t\t\t\t\t\t<span class=\"elementor-icon-list-icon\">\n\t\t\t\t\t\t\t<svg aria-hidden=\"true\" class=\"e-font-icon-svg e-fas-check\" viewBox=\"0 0 512 512\" xmlns=\"http:\/\/www.w3.org\/2000\/svg\"><path d=\"M173.898 439.404l-166.4-166.4c-9.997-9.997-9.997-26.206 0-36.204l36.203-36.204c9.997-9.998 26.207-9.998 36.204 0L192 312.69 432.095 72.596c9.997-9.997 26.207-9.997 36.204 0l36.203 36.204c9.997 9.997 9.997 26.206 0 36.204l-294.4 294.401c-9.998 9.997-26.207 9.997-36.204-.001z\"><\/path><\/svg>\t\t\t\t\t\t<\/span>\n\t\t\t\t\t\t\t\t\t\t<span class=\"elementor-icon-list-text\">Capacita<\/span>\n\t\t\t\t\t\t\t\t\t\t\t<\/a>\n\t\t\t\t\t\t\t\t\t<\/li>\n\t\t\t\t\t\t<\/ul>\n\t\t\t\t\t\t<\/div>\n\t\t\t\t<\/div>\n\t\t\t\t\t<\/div>\n\t\t<\/div>\n\t\t\t\t\t<\/div>\n\t\t<\/section>\n\t\t\t\t\t<\/div>\n\t\t<\/div>\n\t\t\t\t\t<\/div>\n\t\t<\/section>\n\t\t\t\t<\/div>\n\t\t","protected":false},"excerpt":{"rendered":"<p>BSAA Running A pr\u00e1tica de exerc\u00edcios f\u00edsicos regulares protege a sa\u00fade e torna a todos mais saud\u00e1veis e felizes A sociedade do imediatismo est\u00e1 a pleno vapor. Tudo \u00e9 pra ontem, tudo \u00e9 urgente! Prazos, peti\u00e7\u00f5es, reuni\u00f5es&#8230; mais peti\u00e7\u00f5es, mais prazos, mais reuni\u00f5es&#8230; e assim a rotina de urg\u00eancias e compromissos profissionais vai engolindo o [&hellip;]<\/p>\n","protected":false},"author":1,"featured_media":0,"parent":0,"menu_order":0,"comment_status":"closed","ping_status":"closed","template":"elementor_header_footer","meta":{"footnotes":""},"class_list":["post-240","page","type-page","status-publish","hentry"],"yoast_head":"<!-- This site is optimized with the Yoast SEO plugin v26.0 - https:\/\/yoast.com\/wordpress\/plugins\/seo\/ -->\n<title>BSAA Running - Barbosa de S\u00e1 &amp; Alencastro<\/title>\n<meta name=\"robots\" content=\"index, follow, max-snippet:-1, max-image-preview:large, max-video-preview:-1\" \/>\n<link rel=\"canonical\" href=\"https:\/\/homol.svarmodigital.net.br\/bsaa\/saude-o-melhor-dos-investimentos\/\" \/>\n<meta property=\"og:locale\" content=\"pt_BR\" \/>\n<meta property=\"og:type\" content=\"article\" \/>\n<meta property=\"og:title\" content=\"BSAA Running - Barbosa de S\u00e1 &amp; Alencastro\" \/>\n<meta property=\"og:description\" content=\"BSAA Running A pr\u00e1tica de exerc\u00edcios f\u00edsicos regulares protege a sa\u00fade e torna a todos mais saud\u00e1veis e felizes A sociedade do imediatismo est\u00e1 a pleno vapor. Tudo \u00e9 pra ontem, tudo \u00e9 urgente! Prazos, peti\u00e7\u00f5es, reuni\u00f5es&#8230; mais peti\u00e7\u00f5es, mais prazos, mais reuni\u00f5es&#8230; e assim a rotina de urg\u00eancias e compromissos profissionais vai engolindo o [&hellip;]\" \/>\n<meta property=\"og:url\" content=\"https:\/\/homol.svarmodigital.net.br\/bsaa\/saude-o-melhor-dos-investimentos\/\" \/>\n<meta property=\"og:site_name\" content=\"Barbosa de S\u00e1 &amp; Alencastro\" \/>\n<meta property=\"article:modified_time\" content=\"2025-05-26T20:49:22+00:00\" \/>\n<meta property=\"og:image\" content=\"https:\/\/homol.svarmodigital.net.br\/bsaa\/wp-content\/uploads\/2025\/05\/img-saude-1024x637.jpg\" \/>\n<meta name=\"twitter:card\" content=\"summary_large_image\" \/>\n<meta name=\"twitter:label1\" content=\"Est. tempo de leitura\" \/>\n\t<meta name=\"twitter:data1\" content=\"2 minutos\" \/>\n<script type=\"application\/ld+json\" class=\"yoast-schema-graph\">{\"@context\":\"https:\/\/schema.org\",\"@graph\":[{\"@type\":\"WebPage\",\"@id\":\"https:\/\/homol.svarmodigital.net.br\/bsaa\/saude-o-melhor-dos-investimentos\/\",\"url\":\"https:\/\/homol.svarmodigital.net.br\/bsaa\/saude-o-melhor-dos-investimentos\/\",\"name\":\"BSAA Running - Barbosa de S\u00e1 &amp; Alencastro\",\"isPartOf\":{\"@id\":\"https:\/\/homol.svarmodigital.net.br\/bsaa\/#website\"},\"primaryImageOfPage\":{\"@id\":\"https:\/\/homol.svarmodigital.net.br\/bsaa\/saude-o-melhor-dos-investimentos\/#primaryimage\"},\"image\":{\"@id\":\"https:\/\/homol.svarmodigital.net.br\/bsaa\/saude-o-melhor-dos-investimentos\/#primaryimage\"},\"thumbnailUrl\":\"https:\/\/homol.svarmodigital.net.br\/bsaa\/wp-content\/uploads\/2025\/05\/img-saude-1024x637.jpg\",\"datePublished\":\"2025-05-26T19:50:18+00:00\",\"dateModified\":\"2025-05-26T20:49:22+00:00\",\"breadcrumb\":{\"@id\":\"https:\/\/homol.svarmodigital.net.br\/bsaa\/saude-o-melhor-dos-investimentos\/#breadcrumb\"},\"inLanguage\":\"pt-BR\",\"potentialAction\":[{\"@type\":\"ReadAction\",\"target\":[\"https:\/\/homol.svarmodigital.net.br\/bsaa\/saude-o-melhor-dos-investimentos\/\"]}]},{\"@type\":\"ImageObject\",\"inLanguage\":\"pt-BR\",\"@id\":\"https:\/\/homol.svarmodigital.net.br\/bsaa\/saude-o-melhor-dos-investimentos\/#primaryimage\",\"url\":\"https:\/\/homol.svarmodigital.net.br\/bsaa\/wp-content\/uploads\/2025\/05\/img-saude.jpg\",\"contentUrl\":\"https:\/\/homol.svarmodigital.net.br\/bsaa\/wp-content\/uploads\/2025\/05\/img-saude.jpg\",\"width\":1214,\"height\":755},{\"@type\":\"BreadcrumbList\",\"@id\":\"https:\/\/homol.svarmodigital.net.br\/bsaa\/saude-o-melhor-dos-investimentos\/#breadcrumb\",\"itemListElement\":[{\"@type\":\"ListItem\",\"position\":1,\"name\":\"In\u00edcio\",\"item\":\"https:\/\/homol.svarmodigital.net.br\/bsaa\/\"},{\"@type\":\"ListItem\",\"position\":2,\"name\":\"BSAA Running\"}]},{\"@type\":\"WebSite\",\"@id\":\"https:\/\/homol.svarmodigital.net.br\/bsaa\/#website\",\"url\":\"https:\/\/homol.svarmodigital.net.br\/bsaa\/\",\"name\":\"Barbosa de S\u00e1 &amp; Alencastro\",\"description\":\"Advogados Associados\",\"potentialAction\":[{\"@type\":\"SearchAction\",\"target\":{\"@type\":\"EntryPoint\",\"urlTemplate\":\"https:\/\/homol.svarmodigital.net.br\/bsaa\/?s={search_term_string}\"},\"query-input\":{\"@type\":\"PropertyValueSpecification\",\"valueRequired\":true,\"valueName\":\"search_term_string\"}}],\"inLanguage\":\"pt-BR\"}]}<\/script>\n<!-- \/ Yoast SEO plugin. -->","yoast_head_json":{"title":"BSAA Running - Barbosa de S\u00e1 &amp; Alencastro","robots":{"index":"index","follow":"follow","max-snippet":"max-snippet:-1","max-image-preview":"max-image-preview:large","max-video-preview":"max-video-preview:-1"},"canonical":"https:\/\/homol.svarmodigital.net.br\/bsaa\/saude-o-melhor-dos-investimentos\/","og_locale":"pt_BR","og_type":"article","og_title":"BSAA Running - Barbosa de S\u00e1 &amp; Alencastro","og_description":"BSAA Running A pr\u00e1tica de exerc\u00edcios f\u00edsicos regulares protege a sa\u00fade e torna a todos mais saud\u00e1veis e felizes A sociedade do imediatismo est\u00e1 a pleno vapor. Tudo \u00e9 pra ontem, tudo \u00e9 urgente! Prazos, peti\u00e7\u00f5es, reuni\u00f5es&#8230; mais peti\u00e7\u00f5es, mais prazos, mais reuni\u00f5es&#8230; e assim a rotina de urg\u00eancias e compromissos profissionais vai engolindo o [&hellip;]","og_url":"https:\/\/homol.svarmodigital.net.br\/bsaa\/saude-o-melhor-dos-investimentos\/","og_site_name":"Barbosa de S\u00e1 &amp; Alencastro","article_modified_time":"2025-05-26T20:49:22+00:00","og_image":[{"url":"https:\/\/homol.svarmodigital.net.br\/bsaa\/wp-content\/uploads\/2025\/05\/img-saude-1024x637.jpg","type":"","width":"","height":""}],"twitter_card":"summary_large_image","twitter_misc":{"Est. tempo de leitura":"2 minutos"},"schema":{"@context":"https:\/\/schema.org","@graph":[{"@type":"WebPage","@id":"https:\/\/homol.svarmodigital.net.br\/bsaa\/saude-o-melhor-dos-investimentos\/","url":"https:\/\/homol.svarmodigital.net.br\/bsaa\/saude-o-melhor-dos-investimentos\/","name":"BSAA Running - Barbosa de S\u00e1 &amp; Alencastro","isPartOf":{"@id":"https:\/\/homol.svarmodigital.net.br\/bsaa\/#website"},"primaryImageOfPage":{"@id":"https:\/\/homol.svarmodigital.net.br\/bsaa\/saude-o-melhor-dos-investimentos\/#primaryimage"},"image":{"@id":"https:\/\/homol.svarmodigital.net.br\/bsaa\/saude-o-melhor-dos-investimentos\/#primaryimage"},"thumbnailUrl":"https:\/\/homol.svarmodigital.net.br\/bsaa\/wp-content\/uploads\/2025\/05\/img-saude-1024x637.jpg","datePublished":"2025-05-26T19:50:18+00:00","dateModified":"2025-05-26T20:49:22+00:00","breadcrumb":{"@id":"https:\/\/homol.svarmodigital.net.br\/bsaa\/saude-o-melhor-dos-investimentos\/#breadcrumb"},"inLanguage":"pt-BR","potentialAction":[{"@type":"ReadAction","target":["https:\/\/homol.svarmodigital.net.br\/bsaa\/saude-o-melhor-dos-investimentos\/"]}]},{"@type":"ImageObject","inLanguage":"pt-BR","@id":"https:\/\/homol.svarmodigital.net.br\/bsaa\/saude-o-melhor-dos-investimentos\/#primaryimage","url":"https:\/\/homol.svarmodigital.net.br\/bsaa\/wp-content\/uploads\/2025\/05\/img-saude.jpg","contentUrl":"https:\/\/homol.svarmodigital.net.br\/bsaa\/wp-content\/uploads\/2025\/05\/img-saude.jpg","width":1214,"height":755},{"@type":"BreadcrumbList","@id":"https:\/\/homol.svarmodigital.net.br\/bsaa\/saude-o-melhor-dos-investimentos\/#breadcrumb","itemListElement":[{"@type":"ListItem","position":1,"name":"In\u00edcio","item":"https:\/\/homol.svarmodigital.net.br\/bsaa\/"},{"@type":"ListItem","position":2,"name":"BSAA Running"}]},{"@type":"WebSite","@id":"https:\/\/homol.svarmodigital.net.br\/bsaa\/#website","url":"https:\/\/homol.svarmodigital.net.br\/bsaa\/","name":"Barbosa de S\u00e1 &amp; Alencastro","description":"Advogados Associados","potentialAction":[{"@type":"SearchAction","target":{"@type":"EntryPoint","urlTemplate":"https:\/\/homol.svarmodigital.net.br\/bsaa\/?s={search_term_string}"},"query-input":{"@type":"PropertyValueSpecification","valueRequired":true,"valueName":"search_term_string"}}],"inLanguage":"pt-BR"}]}},"_links":{"self":[{"href":"https:\/\/homol.svarmodigital.net.br\/bsaa\/wp-json\/wp\/v2\/pages\/240","targetHints":{"allow":["GET"]}}],"collection":[{"href":"https:\/\/homol.svarmodigital.net.br\/bsaa\/wp-json\/wp\/v2\/pages"}],"about":[{"href":"https:\/\/homol.svarmodigital.net.br\/bsaa\/wp-json\/wp\/v2\/types\/page"}],"author":[{"embeddable":true,"href":"https:\/\/homol.svarmodigital.net.br\/bsaa\/wp-json\/wp\/v2\/users\/1"}],"replies":[{"embeddable":true,"href":"https:\/\/homol.svarmodigital.net.br\/bsaa\/wp-json\/wp\/v2\/comments?post=240"}],"version-history":[{"count":13,"href":"https:\/\/homol.svarmodigital.net.br\/bsaa\/wp-json\/wp\/v2\/pages\/240\/revisions"}],"predecessor-version":[{"id":384,"href":"https:\/\/homol.svarmodigital.net.br\/bsaa\/wp-json\/wp\/v2\/pages\/240\/revisions\/384"}],"wp:attachment":[{"href":"https:\/\/homol.svarmodigital.net.br\/bsaa\/wp-json\/wp\/v2\/media?parent=240"}],"curies":[{"name":"wp","href":"https:\/\/api.w.org\/{rel}","templated":true}]}}