{"id":165,"date":"2025-05-26T19:18:16","date_gmt":"2025-05-26T19:18:16","guid":{"rendered":"https:\/\/homol.svarmodigital.net.br\/bsaa\/?page_id=165"},"modified":"2025-10-06T12:32:29","modified_gmt":"2025-10-06T12:32:29","slug":"trabalhe-conosco","status":"publish","type":"page","link":"https:\/\/homol.svarmodigital.net.br\/bsaa\/trabalhe-conosco\/","title":{"rendered":"Trabalhe Conosco"},"content":{"rendered":"\t\t<div data-elementor-type=\"wp-page\" data-elementor-id=\"165\" class=\"elementor elementor-165\" data-elementor-post-type=\"page\">\n\t\t\t\t\t\t<section class=\"elementor-section elementor-top-section elementor-element elementor-element-7a2d593 elementor-section-boxed elementor-section-height-default elementor-section-height-default\" data-id=\"7a2d593\" data-element_type=\"section\" data-settings=\"{&quot;background_background&quot;:&quot;classic&quot;}\">\n\t\t\t\t\t\t<div class=\"elementor-container elementor-column-gap-default\">\n\t\t\t\t\t<div class=\"elementor-column elementor-col-100 elementor-top-column elementor-element elementor-element-98424ee\" data-id=\"98424ee\" data-element_type=\"column\">\n\t\t\t<div class=\"elementor-widget-wrap elementor-element-populated\">\n\t\t\t\t\t\t<div class=\"elementor-element elementor-element-18fa5d3 elementor-hidden-desktop elementor-hidden-tablet elementor-hidden-mobile elementor-widget elementor-widget-heading\" data-id=\"18fa5d3\" data-element_type=\"widget\" data-widget_type=\"heading.default\">\n\t\t\t\t<div class=\"elementor-widget-container\">\n\t\t\t\t\t<h2 class=\"elementor-heading-title elementor-size-default\">Trabalhe em um escrit\u00f3rio<br \/> de advocacia em Bras\u00edlia<\/h2>\t\t\t\t<\/div>\n\t\t\t\t<\/div>\n\t\t\t\t<div class=\"elementor-element elementor-element-74c5242 elementor-align-center elementor-hidden-desktop elementor-hidden-tablet elementor-hidden-mobile elementor-widget elementor-widget-breadcrumbs\" data-id=\"74c5242\" data-element_type=\"widget\" data-widget_type=\"breadcrumbs.default\">\n\t\t\t\t<div class=\"elementor-widget-container\">\n\t\t\t\t\t<p id=\"breadcrumbs\"><span><span><a href=\"https:\/\/homol.svarmodigital.net.br\/bsaa\/\">In\u00edcio<\/a><\/span><\/span><\/p>\t\t\t\t<\/div>\n\t\t\t\t<\/div>\n\t\t\t\t\t<\/div>\n\t\t<\/div>\n\t\t\t\t\t<\/div>\n\t\t<\/section>\n\t\t\t\t<section class=\"elementor-section elementor-top-section elementor-element elementor-element-a3582c8 elementor-section-boxed elementor-section-height-default elementor-section-height-default\" data-id=\"a3582c8\" data-element_type=\"section\" data-settings=\"{&quot;background_background&quot;:&quot;classic&quot;}\">\n\t\t\t\t\t\t<div class=\"elementor-container elementor-column-gap-default\">\n\t\t\t\t\t<div class=\"elementor-column elementor-col-100 elementor-top-column elementor-element elementor-element-81f2945\" data-id=\"81f2945\" data-element_type=\"column\">\n\t\t\t<div class=\"elementor-widget-wrap elementor-element-populated\">\n\t\t\t\t\t\t<div class=\"elementor-element elementor-element-a9611a4 elementor-widget elementor-widget-text-editor\" data-id=\"a9611a4\" data-element_type=\"widget\" data-widget_type=\"text-editor.default\">\n\t\t\t\t<div class=\"elementor-widget-container\">\n\t\t\t\t\t\t\t\t\t<p>Se voc\u00ea tem interessem em trabalhar ou estagiar conosco, envie seu curr\u00edculo para\u00a0<strong><a href=\"https:\/\/web.archive.org\/web\/20230606164134\/http:\/\/www.bsaa.adv.br%20\/\">bsaa@bsaa.adv.br<\/a><\/strong><\/p><p>\u200b\u200bAcompanhe tamb\u00e9m, nas redes sociais, as oportunidades e outras not\u00edcias do\u00a0<strong>Barbosa de S\u00e1 &amp; Alencastro Advogados<\/strong><\/p>\t\t\t\t\t\t\t\t<\/div>\n\t\t\t\t<\/div>\n\t\t\t\t\t<\/div>\n\t\t<\/div>\n\t\t\t\t\t<\/div>\n\t\t<\/section>\n\t\t\t\t<\/div>\n\t\t","protected":false},"excerpt":{"rendered":"<p>Trabalhe em um escrit\u00f3rio de advocacia em Bras\u00edlia Se voc\u00ea tem interessem em trabalhar ou estagiar conosco, envie seu curr\u00edculo para\u00a0bsaa@bsaa.adv.br \u200b\u200bAcompanhe tamb\u00e9m, nas redes sociais, as oportunidades e outras not\u00edcias do\u00a0Barbosa de S\u00e1 &amp; Alencastro Advogados<\/p>\n","protected":false},"author":1,"featured_media":0,"parent":0,"menu_order":0,"comment_status":"closed","ping_status":"closed","template":"elementor_header_footer","meta":{"footnotes":""},"class_list":["post-165","page","type-page","status-publish","hentry"],"yoast_head":"<!-- This site is optimized with the Yoast SEO plugin v26.0 - https:\/\/yoast.com\/wordpress\/plugins\/seo\/ -->\n<title>Trabalhe Conosco - Barbosa de S\u00e1 &amp; Alencastro<\/title>\n<meta name=\"robots\" content=\"index, follow, max-snippet:-1, max-image-preview:large, max-video-preview:-1\" \/>\n<link rel=\"canonical\" href=\"https:\/\/homol.svarmodigital.net.br\/bsaa\/trabalhe-conosco\/\" \/>\n<meta property=\"og:locale\" content=\"pt_BR\" \/>\n<meta property=\"og:type\" content=\"article\" \/>\n<meta property=\"og:title\" content=\"Trabalhe Conosco - Barbosa de S\u00e1 &amp; Alencastro\" \/>\n<meta property=\"og:description\" content=\"Trabalhe em um escrit\u00f3rio de advocacia em Bras\u00edlia Se voc\u00ea tem interessem em trabalhar ou estagiar conosco, envie seu curr\u00edculo para\u00a0bsaa@bsaa.adv.br \u200b\u200bAcompanhe tamb\u00e9m, nas redes sociais, as oportunidades e outras not\u00edcias do\u00a0Barbosa de S\u00e1 &amp; Alencastro Advogados\" \/>\n<meta property=\"og:url\" content=\"https:\/\/homol.svarmodigital.net.br\/bsaa\/trabalhe-conosco\/\" \/>\n<meta property=\"og:site_name\" content=\"Barbosa de S\u00e1 &amp; Alencastro\" \/>\n<meta property=\"article:modified_time\" content=\"2025-10-06T12:32:29+00:00\" \/>\n<meta name=\"twitter:card\" content=\"summary_large_image\" \/>\n<meta name=\"twitter:label1\" content=\"Est. tempo de leitura\" \/>\n\t<meta name=\"twitter:data1\" content=\"1 minuto\" \/>\n<script type=\"application\/ld+json\" class=\"yoast-schema-graph\">{\"@context\":\"https:\/\/schema.org\",\"@graph\":[{\"@type\":\"WebPage\",\"@id\":\"https:\/\/homol.svarmodigital.net.br\/bsaa\/trabalhe-conosco\/\",\"url\":\"https:\/\/homol.svarmodigital.net.br\/bsaa\/trabalhe-conosco\/\",\"name\":\"Trabalhe Conosco - Barbosa de S\u00e1 &amp; Alencastro\",\"isPartOf\":{\"@id\":\"https:\/\/homol.svarmodigital.net.br\/bsaa\/#website\"},\"datePublished\":\"2025-05-26T19:18:16+00:00\",\"dateModified\":\"2025-10-06T12:32:29+00:00\",\"breadcrumb\":{\"@id\":\"https:\/\/homol.svarmodigital.net.br\/bsaa\/trabalhe-conosco\/#breadcrumb\"},\"inLanguage\":\"pt-BR\",\"potentialAction\":[{\"@type\":\"ReadAction\",\"target\":[\"https:\/\/homol.svarmodigital.net.br\/bsaa\/trabalhe-conosco\/\"]}]},{\"@type\":\"BreadcrumbList\",\"@id\":\"https:\/\/homol.svarmodigital.net.br\/bsaa\/trabalhe-conosco\/#breadcrumb\",\"itemListElement\":[{\"@type\":\"ListItem\",\"position\":1,\"name\":\"In\u00edcio\",\"item\":\"https:\/\/homol.svarmodigital.net.br\/bsaa\/\"},{\"@type\":\"ListItem\",\"position\":2,\"name\":\"Trabalhe Conosco\"}]},{\"@type\":\"WebSite\",\"@id\":\"https:\/\/homol.svarmodigital.net.br\/bsaa\/#website\",\"url\":\"https:\/\/homol.svarmodigital.net.br\/bsaa\/\",\"name\":\"Barbosa de S\u00e1 &amp; Alencastro\",\"description\":\"Advogados Associados\",\"potentialAction\":[{\"@type\":\"SearchAction\",\"target\":{\"@type\":\"EntryPoint\",\"urlTemplate\":\"https:\/\/homol.svarmodigital.net.br\/bsaa\/?s={search_term_string}\"},\"query-input\":{\"@type\":\"PropertyValueSpecification\",\"valueRequired\":true,\"valueName\":\"search_term_string\"}}],\"inLanguage\":\"pt-BR\"}]}<\/script>\n<!-- \/ Yoast SEO plugin. -->","yoast_head_json":{"title":"Trabalhe Conosco - Barbosa de S\u00e1 &amp; Alencastro","robots":{"index":"index","follow":"follow","max-snippet":"max-snippet:-1","max-image-preview":"max-image-preview:large","max-video-preview":"max-video-preview:-1"},"canonical":"https:\/\/homol.svarmodigital.net.br\/bsaa\/trabalhe-conosco\/","og_locale":"pt_BR","og_type":"article","og_title":"Trabalhe Conosco - Barbosa de S\u00e1 &amp; Alencastro","og_description":"Trabalhe em um escrit\u00f3rio de advocacia em Bras\u00edlia Se voc\u00ea tem interessem em trabalhar ou estagiar conosco, envie seu curr\u00edculo para\u00a0bsaa@bsaa.adv.br \u200b\u200bAcompanhe tamb\u00e9m, nas redes sociais, as oportunidades e outras not\u00edcias do\u00a0Barbosa de S\u00e1 &amp; Alencastro Advogados","og_url":"https:\/\/homol.svarmodigital.net.br\/bsaa\/trabalhe-conosco\/","og_site_name":"Barbosa de S\u00e1 &amp; Alencastro","article_modified_time":"2025-10-06T12:32:29+00:00","twitter_card":"summary_large_image","twitter_misc":{"Est. tempo de leitura":"1 minuto"},"schema":{"@context":"https:\/\/schema.org","@graph":[{"@type":"WebPage","@id":"https:\/\/homol.svarmodigital.net.br\/bsaa\/trabalhe-conosco\/","url":"https:\/\/homol.svarmodigital.net.br\/bsaa\/trabalhe-conosco\/","name":"Trabalhe Conosco - Barbosa de S\u00e1 &amp; Alencastro","isPartOf":{"@id":"https:\/\/homol.svarmodigital.net.br\/bsaa\/#website"},"datePublished":"2025-05-26T19:18:16+00:00","dateModified":"2025-10-06T12:32:29+00:00","breadcrumb":{"@id":"https:\/\/homol.svarmodigital.net.br\/bsaa\/trabalhe-conosco\/#breadcrumb"},"inLanguage":"pt-BR","potentialAction":[{"@type":"ReadAction","target":["https:\/\/homol.svarmodigital.net.br\/bsaa\/trabalhe-conosco\/"]}]},{"@type":"BreadcrumbList","@id":"https:\/\/homol.svarmodigital.net.br\/bsaa\/trabalhe-conosco\/#breadcrumb","itemListElement":[{"@type":"ListItem","position":1,"name":"In\u00edcio","item":"https:\/\/homol.svarmodigital.net.br\/bsaa\/"},{"@type":"ListItem","position":2,"name":"Trabalhe Conosco"}]},{"@type":"WebSite","@id":"https:\/\/homol.svarmodigital.net.br\/bsaa\/#website","url":"https:\/\/homol.svarmodigital.net.br\/bsaa\/","name":"Barbosa de S\u00e1 &amp; Alencastro","description":"Advogados Associados","potentialAction":[{"@type":"SearchAction","target":{"@type":"EntryPoint","urlTemplate":"https:\/\/homol.svarmodigital.net.br\/bsaa\/?s={search_term_string}"},"query-input":{"@type":"PropertyValueSpecification","valueRequired":true,"valueName":"search_term_string"}}],"inLanguage":"pt-BR"}]}},"_links":{"self":[{"href":"https:\/\/homol.svarmodigital.net.br\/bsaa\/wp-json\/wp\/v2\/pages\/165","targetHints":{"allow":["GET"]}}],"collection":[{"href":"https:\/\/homol.svarmodigital.net.br\/bsaa\/wp-json\/wp\/v2\/pages"}],"about":[{"href":"https:\/\/homol.svarmodigital.net.br\/bsaa\/wp-json\/wp\/v2\/types\/page"}],"author":[{"embeddable":true,"href":"https:\/\/homol.svarmodigital.net.br\/bsaa\/wp-json\/wp\/v2\/users\/1"}],"replies":[{"embeddable":true,"href":"https:\/\/homol.svarmodigital.net.br\/bsaa\/wp-json\/wp\/v2\/comments?post=165"}],"version-history":[{"count":7,"href":"https:\/\/homol.svarmodigital.net.br\/bsaa\/wp-json\/wp\/v2\/pages\/165\/revisions"}],"predecessor-version":[{"id":594,"href":"https:\/\/homol.svarmodigital.net.br\/bsaa\/wp-json\/wp\/v2\/pages\/165\/revisions\/594"}],"wp:attachment":[{"href":"https:\/\/homol.svarmodigital.net.br\/bsaa\/wp-json\/wp\/v2\/media?parent=165"}],"curies":[{"name":"wp","href":"https:\/\/api.w.org\/{rel}","templated":true}]}}