{"id":83,"date":"2021-04-15T17:08:05","date_gmt":"2021-04-15T20:08:05","guid":{"rendered":"http:\/\/www.homol.svarmo.com.br\/benedito\/?page_id=83"},"modified":"2026-01-30T11:07:49","modified_gmt":"2026-01-30T14:07:49","slug":"areas-de-atuacao","status":"publish","type":"page","link":"https:\/\/homol.svarmodigital.net.br\/benedito\/areas-de-atuacao\/","title":{"rendered":"\u00c1reas de Atua\u00e7\u00e3o"},"content":{"rendered":"\t\t<div data-elementor-type=\"wp-page\" data-elementor-id=\"83\" class=\"elementor elementor-83\" data-elementor-post-type=\"page\">\n\t\t\t\t\t\t<section class=\"elementor-section elementor-top-section elementor-element elementor-element-19dbf43 elementor-section-boxed elementor-section-height-default elementor-section-height-default\" data-id=\"19dbf43\" data-element_type=\"section\" data-settings=\"{&quot;background_background&quot;:&quot;classic&quot;}\">\n\t\t\t\t\t\t<div class=\"elementor-container elementor-column-gap-default\">\n\t\t\t\t\t<div class=\"elementor-column elementor-col-50 elementor-top-column elementor-element elementor-element-79a5e78\" data-id=\"79a5e78\" data-element_type=\"column\">\n\t\t\t<div class=\"elementor-widget-wrap elementor-element-populated\">\n\t\t\t\t\t\t<div class=\"elementor-element elementor-element-d4c3816 elementor-widget elementor-widget-heading\" data-id=\"d4c3816\" data-element_type=\"widget\" data-widget_type=\"heading.default\">\n\t\t\t\t<div class=\"elementor-widget-container\">\n\t\t\t\t\t<h2 class=\"elementor-heading-title elementor-size-default\">BENEDITO SICILIANO<\/h2>\t\t\t\t<\/div>\n\t\t\t\t<\/div>\n\t\t\t\t<div class=\"elementor-element elementor-element-f2ff44b elementor-widget elementor-widget-heading\" data-id=\"f2ff44b\" data-element_type=\"widget\" data-widget_type=\"heading.default\">\n\t\t\t\t<div class=\"elementor-widget-container\">\n\t\t\t\t\t<h2 class=\"elementor-heading-title elementor-size-default\">\u00c1REAS DE<br \/>\nATUA\u00c7\u00c3O<\/h2>\t\t\t\t<\/div>\n\t\t\t\t<\/div>\n\t\t\t\t\t<\/div>\n\t\t<\/div>\n\t\t\t\t<div class=\"elementor-column elementor-col-50 elementor-top-column elementor-element elementor-element-96ef156\" data-id=\"96ef156\" data-element_type=\"column\">\n\t\t\t<div class=\"elementor-widget-wrap elementor-element-populated\">\n\t\t\t\t\t\t<section class=\"elementor-section elementor-inner-section elementor-element elementor-element-08c20ad elementor-section-boxed elementor-section-height-default elementor-section-height-default\" data-id=\"08c20ad\" data-element_type=\"section\">\n\t\t\t\t\t\t<div class=\"elementor-container elementor-column-gap-default\">\n\t\t\t\t\t<div class=\"elementor-column elementor-col-100 elementor-inner-column elementor-element elementor-element-a94a506\" data-id=\"a94a506\" data-element_type=\"column\">\n\t\t\t<div class=\"elementor-widget-wrap elementor-element-populated\">\n\t\t\t\t\t\t<div class=\"elementor-element elementor-element-58203ff elementor-widget elementor-widget-image\" data-id=\"58203ff\" data-element_type=\"widget\" data-widget_type=\"image.default\">\n\t\t\t\t<div class=\"elementor-widget-container\">\n\t\t\t\t\t\t\t\t\t\t\t\t\t\t\t<img decoding=\"async\" width=\"86\" height=\"86\" src=\"https:\/\/homol.svarmodigital.net.br\/benedito\/wp-content\/uploads\/2021\/04\/icone-direito-publico_.png\" class=\"attachment-large size-large wp-image-89\" alt=\"\" \/>\t\t\t\t\t\t\t\t\t\t\t\t\t\t\t<\/div>\n\t\t\t\t<\/div>\n\t\t\t\t<div class=\"elementor-element elementor-element-f6b2ea0 elementor-widget elementor-widget-heading\" data-id=\"f6b2ea0\" data-element_type=\"widget\" data-widget_type=\"heading.default\">\n\t\t\t\t<div class=\"elementor-widget-container\">\n\t\t\t\t\t<h2 class=\"elementor-heading-title elementor-size-default\">Tribunais de Segundo Grau, Tribunal Superior e Supremo Tribunal<\/h2>\t\t\t\t<\/div>\n\t\t\t\t<\/div>\n\t\t\t\t<div class=\"elementor-element elementor-element-0642f55 elementor-widget elementor-widget-text-editor\" data-id=\"0642f55\" data-element_type=\"widget\" data-widget_type=\"text-editor.default\">\n\t\t\t\t<div class=\"elementor-widget-container\">\n\t\t\t\t\t\t\t\t\t<p>Diante da experi\u00eancia adquirida pelos advogados no \u00e2mbito do Poder Judici\u00e1rio, a Sociedade de Advocacia, sediada em Bras\u00edlia, atua tanto no contencioso \u2013 elabora\u00e7\u00e3o, consultoria e assessoramento em a\u00e7\u00f5es de compet\u00eancia origin\u00e1ria e recursos para os Tribunais Superiores \u2013, como em demandas de natureza consultiva.<\/p>\t\t\t\t\t\t\t\t<\/div>\n\t\t\t\t<\/div>\n\t\t\t\t\t<\/div>\n\t\t<\/div>\n\t\t\t\t\t<\/div>\n\t\t<\/section>\n\t\t\t\t<section class=\"elementor-section elementor-inner-section elementor-element elementor-element-b4347a8 elementor-section-boxed elementor-section-height-default elementor-section-height-default\" data-id=\"b4347a8\" data-element_type=\"section\">\n\t\t\t\t\t\t<div class=\"elementor-container elementor-column-gap-default\">\n\t\t\t\t\t<div class=\"elementor-column elementor-col-100 elementor-inner-column elementor-element elementor-element-8fd7c07\" data-id=\"8fd7c07\" data-element_type=\"column\">\n\t\t\t<div class=\"elementor-widget-wrap elementor-element-populated\">\n\t\t\t\t\t\t<div class=\"elementor-element elementor-element-3c341c0 elementor-widget elementor-widget-image\" data-id=\"3c341c0\" data-element_type=\"widget\" data-widget_type=\"image.default\">\n\t\t\t\t<div class=\"elementor-widget-container\">\n\t\t\t\t\t\t\t\t\t\t\t\t\t\t\t<img decoding=\"async\" width=\"86\" height=\"86\" src=\"https:\/\/homol.svarmodigital.net.br\/benedito\/wp-content\/uploads\/2021\/04\/icone-direito-privado_.png\" class=\"attachment-large size-large wp-image-88\" alt=\"\" \/>\t\t\t\t\t\t\t\t\t\t\t\t\t\t\t<\/div>\n\t\t\t\t<\/div>\n\t\t\t\t<div class=\"elementor-element elementor-element-3f7cc91 elementor-widget elementor-widget-heading\" data-id=\"3f7cc91\" data-element_type=\"widget\" data-widget_type=\"heading.default\">\n\t\t\t\t<div class=\"elementor-widget-container\">\n\t\t\t\t\t<h2 class=\"elementor-heading-title elementor-size-default\">Conselho Nacional de Justi\u00e7a \u2013 CNJ <\/h2>\t\t\t\t<\/div>\n\t\t\t\t<\/div>\n\t\t\t\t<div class=\"elementor-element elementor-element-b6f6956 elementor-widget elementor-widget-text-editor\" data-id=\"b6f6956\" data-element_type=\"widget\" data-widget_type=\"text-editor.default\">\n\t\t\t\t<div class=\"elementor-widget-container\">\n\t\t\t\t\t\t\t\t\t<p>Atua\u00e7\u00e3o em processos disciplinares e cart\u00f3rios extrajudiciais.<\/p>\t\t\t\t\t\t\t\t<\/div>\n\t\t\t\t<\/div>\n\t\t\t\t\t<\/div>\n\t\t<\/div>\n\t\t\t\t\t<\/div>\n\t\t<\/section>\n\t\t\t\t\t<\/div>\n\t\t<\/div>\n\t\t\t\t\t<\/div>\n\t\t<\/section>\n\t\t\t\t<\/div>\n\t\t","protected":false},"excerpt":{"rendered":"<p>BENEDITO SICILIANO \u00c1REAS DE ATUA\u00c7\u00c3O Tribunais de Segundo Grau, Tribunal Superior e Supremo Tribunal Diante da experi\u00eancia adquirida pelos advogados no \u00e2mbito do Poder Judici\u00e1rio, a Sociedade de Advocacia, sediada em Bras\u00edlia, atua tanto no contencioso \u2013 elabora\u00e7\u00e3o, consultoria e assessoramento em a\u00e7\u00f5es de compet\u00eancia origin\u00e1ria e recursos para os Tribunais Superiores \u2013, como em [&hellip;]<\/p>\n","protected":false},"author":1,"featured_media":0,"parent":0,"menu_order":0,"comment_status":"closed","ping_status":"closed","template":"elementor_header_footer","meta":{"footnotes":""},"class_list":["post-83","page","type-page","status-publish","hentry"],"_links":{"self":[{"href":"https:\/\/homol.svarmodigital.net.br\/benedito\/wp-json\/wp\/v2\/pages\/83","targetHints":{"allow":["GET"]}}],"collection":[{"href":"https:\/\/homol.svarmodigital.net.br\/benedito\/wp-json\/wp\/v2\/pages"}],"about":[{"href":"https:\/\/homol.svarmodigital.net.br\/benedito\/wp-json\/wp\/v2\/types\/page"}],"author":[{"embeddable":true,"href":"https:\/\/homol.svarmodigital.net.br\/benedito\/wp-json\/wp\/v2\/users\/1"}],"replies":[{"embeddable":true,"href":"https:\/\/homol.svarmodigital.net.br\/benedito\/wp-json\/wp\/v2\/comments?post=83"}],"version-history":[{"count":16,"href":"https:\/\/homol.svarmodigital.net.br\/benedito\/wp-json\/wp\/v2\/pages\/83\/revisions"}],"predecessor-version":[{"id":288,"href":"https:\/\/homol.svarmodigital.net.br\/benedito\/wp-json\/wp\/v2\/pages\/83\/revisions\/288"}],"wp:attachment":[{"href":"https:\/\/homol.svarmodigital.net.br\/benedito\/wp-json\/wp\/v2\/media?parent=83"}],"curies":[{"name":"wp","href":"https:\/\/api.w.org\/{rel}","templated":true}]}}