{"id":167,"date":"2026-01-12T20:36:28","date_gmt":"2026-01-12T23:36:28","guid":{"rendered":"https:\/\/homol.svarmodigital.net.br\/benedito\/?page_id=167"},"modified":"2026-01-30T10:52:50","modified_gmt":"2026-01-30T13:52:50","slug":"profissionais","status":"publish","type":"page","link":"https:\/\/homol.svarmodigital.net.br\/benedito\/profissionais\/","title":{"rendered":"Profissionais"},"content":{"rendered":"\t\t<div data-elementor-type=\"wp-page\" data-elementor-id=\"167\" class=\"elementor elementor-167\" data-elementor-post-type=\"page\">\n\t\t\t\t\t\t<section class=\"elementor-section elementor-top-section elementor-element elementor-element-bcba23e elementor-section-boxed elementor-section-height-default elementor-section-height-default\" data-id=\"bcba23e\" data-element_type=\"section\">\n\t\t\t\t\t\t<div class=\"elementor-container elementor-column-gap-default\">\n\t\t\t\t\t<div class=\"elementor-column elementor-col-100 elementor-top-column elementor-element elementor-element-b28df59\" data-id=\"b28df59\" data-element_type=\"column\">\n\t\t\t<div class=\"elementor-widget-wrap elementor-element-populated\">\n\t\t\t\t\t\t<div class=\"elementor-element elementor-element-9eca699 elementor-widget elementor-widget-heading\" data-id=\"9eca699\" data-element_type=\"widget\" data-widget_type=\"heading.default\">\n\t\t\t\t<div class=\"elementor-widget-container\">\n\t\t\t\t\t<h2 class=\"elementor-heading-title elementor-size-default\">BENEDITO SICILIANO<\/h2>\t\t\t\t<\/div>\n\t\t\t\t<\/div>\n\t\t\t\t<div class=\"elementor-element elementor-element-b1b5cdb elementor-widget elementor-widget-heading\" data-id=\"b1b5cdb\" data-element_type=\"widget\" data-widget_type=\"heading.default\">\n\t\t\t\t<div class=\"elementor-widget-container\">\n\t\t\t\t\t<h2 class=\"elementor-heading-title elementor-size-default\">PROFISSIONAIS<\/h2>\t\t\t\t<\/div>\n\t\t\t\t<\/div>\n\t\t\t\t<section class=\"elementor-section elementor-inner-section elementor-element elementor-element-907b804 elementor-section-boxed elementor-section-height-default elementor-section-height-default\" data-id=\"907b804\" data-element_type=\"section\">\n\t\t\t\t\t\t<div class=\"elementor-container elementor-column-gap-default\">\n\t\t\t\t\t<div class=\"elementor-column elementor-col-100 elementor-inner-column elementor-element elementor-element-33ccc71\" data-id=\"33ccc71\" data-element_type=\"column\">\n\t\t\t<div class=\"elementor-widget-wrap elementor-element-populated\">\n\t\t\t\t\t\t<div class=\"elementor-element elementor-element-a071aea elementor-widget elementor-widget-heading\" data-id=\"a071aea\" data-element_type=\"widget\" data-widget_type=\"heading.default\">\n\t\t\t\t<div class=\"elementor-widget-container\">\n\t\t\t\t\t<h2 class=\"elementor-heading-title elementor-size-default\">Benedito Eugenio de Almeida Siciliano<\/h2>\t\t\t\t<\/div>\n\t\t\t\t<\/div>\n\t\t\t\t<div class=\"elementor-element elementor-element-4ebd542 elementor-widget elementor-widget-heading\" data-id=\"4ebd542\" data-element_type=\"widget\" data-widget_type=\"heading.default\">\n\t\t\t\t<div class=\"elementor-widget-container\">\n\t\t\t\t\t<h2 class=\"elementor-heading-title elementor-size-default\">S\u00f3cio-Fundador da sociedade individual Benedito Siciliano Advocacia<\/h2>\t\t\t\t<\/div>\n\t\t\t\t<\/div>\n\t\t\t\t<div class=\"elementor-element elementor-element-2ae1b29 elementor-widget elementor-widget-text-editor\" data-id=\"2ae1b29\" data-element_type=\"widget\" data-widget_type=\"text-editor.default\">\n\t\t\t\t<div class=\"elementor-widget-container\">\n\t\t\t\t\t\t\t\t\t<p><strong>Benedito Siciliano<\/strong>, com sua forma\u00e7\u00e3o acad\u00eamica pela Faculdade de Direito da Universidade Braz Cubas, atuou por 33 anos no servi\u00e7o p\u00fablico. Desse per\u00edodo, 25 anos foram dedicados exclusivamente ao Poder Judici\u00e1rio.<\/p><p>A experi\u00eancia laboral adquirida no Tribunal de Justi\u00e7a de S\u00e3o Paulo e no Superior Tribunal de Justi\u00e7a o qualificou para o efetivo exerc\u00edcio da advocacia, com \u00eanfase numa vis\u00e3o humanit\u00e1ria e \u00e9tica, na defesa do direito do jurisdicionado.<\/p><p>Durante a passagem pela Corregedoria do Conselho Nacional de Justi\u00e7a (CNJ) foi poss\u00edvel compreender a atividade de gest\u00e3o bem como acompanhar projetos para o aprimoramento do Poder Judici\u00e1rio, al\u00e9m do estudo aplicado da Lei Org\u00e2nica da Magistratura e do C\u00f3digo de \u00c9tica da Magistratura.<\/p><p>Na Escola Nacional de Forma\u00e7\u00e3o e Aperfei\u00e7oamento de Magistrados \u2013 Ministro S\u00e1lvio de Figueiredo Teixeira \u2013 ENFAM, uma institui\u00e7\u00e3o de c\u00fapula da educa\u00e7\u00e3o judicial no Brasil, coube-lhe auxiliar a Ministra Diretora-Geral na promo\u00e7\u00e3o, regulamenta\u00e7\u00e3o e fiscaliza\u00e7\u00e3o para a efetiva forma\u00e7\u00e3o e aperfei\u00e7oamento dos magistrados dos Tribunais de Justi\u00e7a Estaduais e dos Tribunais Regionais Federais, rec\u00e9m-ingressos na carreira, bem como aqueles em atividade.<\/p><p>Antes de se dedicar \u00e0 advocacia, exerceu o cargo de Secret\u00e1rio-Geral do STJ, para a execu\u00e7\u00e3o das atividades contidas no Manual de Organiza\u00e7\u00e3o do Tribunal (2014\/2016), notadamente no apoio aos assuntos de car\u00e1ter administrativo e de gest\u00e3o, afetos \u00e0 Presid\u00eancia do STJ.<\/p><p>\u00c9 especialista em Direito Processual Civil, com atua\u00e7\u00e3o em mat\u00e9rias de direito constitucional, direito civil, direito imobili\u00e1rio, direito agr\u00e1rio e empresarial.<\/p><p>Exerce a advocacia desde 2016, com \u00eanfase na experi\u00eancia que acumulou durante sua passagem pelos Tribunais brasileiros, bem como na Corregedoria do CNJ.<\/p>\t\t\t\t\t\t\t\t<\/div>\n\t\t\t\t<\/div>\n\t\t\t\t\t<\/div>\n\t\t<\/div>\n\t\t\t\t\t<\/div>\n\t\t<\/section>\n\t\t\t\t<section class=\"elementor-section elementor-inner-section elementor-element elementor-element-c2cb740 elementor-section-boxed elementor-section-height-default elementor-section-height-default\" data-id=\"c2cb740\" data-element_type=\"section\">\n\t\t\t\t\t\t<div class=\"elementor-container elementor-column-gap-default\">\n\t\t\t\t\t<div class=\"elementor-column elementor-col-100 elementor-inner-column elementor-element elementor-element-45a8234\" data-id=\"45a8234\" data-element_type=\"column\">\n\t\t\t<div class=\"elementor-widget-wrap elementor-element-populated\">\n\t\t\t\t\t\t<div class=\"elementor-element elementor-element-ed3908d elementor-widget elementor-widget-heading\" data-id=\"ed3908d\" data-element_type=\"widget\" data-widget_type=\"heading.default\">\n\t\t\t\t<div class=\"elementor-widget-container\">\n\t\t\t\t\t<h2 class=\"elementor-heading-title elementor-size-default\">Thaysa Lizita Lobo Silveira<\/h2>\t\t\t\t<\/div>\n\t\t\t\t<\/div>\n\t\t\t\t<div class=\"elementor-element elementor-element-b7c0bc3 elementor-widget elementor-widget-heading\" data-id=\"b7c0bc3\" data-element_type=\"widget\" data-widget_type=\"heading.default\">\n\t\t\t\t<div class=\"elementor-widget-container\">\n\t\t\t\t\t<h2 class=\"elementor-heading-title elementor-size-default\">S\u00f3cia-Fundadora da sociedade individual Thaysa Lizita<\/h2>\t\t\t\t<\/div>\n\t\t\t\t<\/div>\n\t\t\t\t<div class=\"elementor-element elementor-element-d6dbbf1 elementor-widget elementor-widget-text-editor\" data-id=\"d6dbbf1\" data-element_type=\"widget\" data-widget_type=\"text-editor.default\">\n\t\t\t\t<div class=\"elementor-widget-container\">\n\t\t\t\t\t\t\t\t\t<p><strong>Thaysa Lizita <\/strong>\u00e9 advogada com ampla experi\u00eancia na atua\u00e7\u00e3o nos Tribunais Superiores, sobretudo na \u00e1rea de direito penal, de direito processual penal, de direito de fam\u00edlia, de direito tribut\u00e1rio e direito administrativo.<\/p>\n<p>Graduada em Direito pelo Centro Universit\u00e1rio de Bras\u00edlia-UNICEUB, atuou como Assessora Jur\u00eddica na Associa\u00e7\u00e3o dos Magistrados Brasileiros (AMB) e, posteriormente, assessorou Conselheiros e Ministros Corregedores do Conselho Nacional de Justi\u00e7a, oportunidade em que adquiriu vasta experi\u00eancia em processos disciplinares. Exerceu assessoria jur\u00eddica na Escola Nacional de Forma\u00e7\u00e3o e Aperfei\u00e7oamento de Magistrados \u2013 ENFAM, em especial na idealiza\u00e7\u00e3o e na consecu\u00e7\u00e3o de projetos para o aprimoramento dos magistrados brasileiros.<\/p><p>Atuou no Superior Tribunal de Justi\u00e7a \u2013 STJ como assessora de Ministro e, antes de exercer a advocacia, no Conselho da Justi\u00e7a Federal \u2013 CJF, notadamente na Secretaria do Centro de Estudos Judici\u00e1rios.<\/p><p>Det\u00e9m not\u00e1vel reconhecimento por sua abordagem estrat\u00e9gica em quest\u00f5es sens\u00edveis relacionadas a diversos temas do Direito.<\/p>\t\t\t\t\t\t\t\t<\/div>\n\t\t\t\t<\/div>\n\t\t\t\t\t<\/div>\n\t\t<\/div>\n\t\t\t\t\t<\/div>\n\t\t<\/section>\n\t\t\t\t\t<\/div>\n\t\t<\/div>\n\t\t\t\t\t<\/div>\n\t\t<\/section>\n\t\t\t\t<\/div>\n\t\t","protected":false},"excerpt":{"rendered":"<p>BENEDITO SICILIANO PROFISSIONAIS Benedito Eugenio de Almeida Siciliano S\u00f3cio-Fundador da sociedade individual Benedito Siciliano Advocacia Benedito Siciliano, com sua forma\u00e7\u00e3o acad\u00eamica pela Faculdade de Direito da Universidade Braz Cubas, atuou por 33 anos no servi\u00e7o p\u00fablico. Desse per\u00edodo, 25 anos foram dedicados exclusivamente ao Poder Judici\u00e1rio. A experi\u00eancia laboral adquirida no Tribunal de Justi\u00e7a de [&hellip;]<\/p>\n","protected":false},"author":1,"featured_media":0,"parent":0,"menu_order":0,"comment_status":"closed","ping_status":"closed","template":"elementor_header_footer","meta":{"footnotes":""},"class_list":["post-167","page","type-page","status-publish","hentry"],"_links":{"self":[{"href":"https:\/\/homol.svarmodigital.net.br\/benedito\/wp-json\/wp\/v2\/pages\/167","targetHints":{"allow":["GET"]}}],"collection":[{"href":"https:\/\/homol.svarmodigital.net.br\/benedito\/wp-json\/wp\/v2\/pages"}],"about":[{"href":"https:\/\/homol.svarmodigital.net.br\/benedito\/wp-json\/wp\/v2\/types\/page"}],"author":[{"embeddable":true,"href":"https:\/\/homol.svarmodigital.net.br\/benedito\/wp-json\/wp\/v2\/users\/1"}],"replies":[{"embeddable":true,"href":"https:\/\/homol.svarmodigital.net.br\/benedito\/wp-json\/wp\/v2\/comments?post=167"}],"version-history":[{"count":16,"href":"https:\/\/homol.svarmodigital.net.br\/benedito\/wp-json\/wp\/v2\/pages\/167\/revisions"}],"predecessor-version":[{"id":273,"href":"https:\/\/homol.svarmodigital.net.br\/benedito\/wp-json\/wp\/v2\/pages\/167\/revisions\/273"}],"wp:attachment":[{"href":"https:\/\/homol.svarmodigital.net.br\/benedito\/wp-json\/wp\/v2\/media?parent=167"}],"curies":[{"name":"wp","href":"https:\/\/api.w.org\/{rel}","templated":true}]}}